{"id":99,"date":"2025-05-27T02:12:21","date_gmt":"2025-05-27T02:12:21","guid":{"rendered":"https:\/\/freesoul-union.com\/services\/"},"modified":"2025-11-26T03:52:18","modified_gmt":"2025-11-26T03:52:18","slug":"services","status":"publish","type":"page","link":"https:\/\/freesoul-union.com\/de\/services\/","title":{"rendered":"Service"},"content":{"rendered":"<div class=\"wp-block-uagb-container uagb-block-a6be1363 alignfull uagb-is-root-container\"><div class=\"uagb-container__shape uagb-container__shape-bottom uagb-container__shape-flip uagb-container__invert\" data-negative=\"false\"><svg xmlns=\"https:\/\/www.w3.org\/2000\/svg\" viewbox=\"0 0 1000 100\" preserveaspectratio=\"none\"><path class=\"uagb-container__shape-fill\" d=\"M1000,4.3V0H0v4.3C0.9,23.1,126.7,99.2,500,100S1000,22.7,1000,4.3z\"><\/path><\/svg><\/div><div class=\"uagb-container-inner-blocks-wrap\">\n<div class=\"wp-block-uagb-advanced-heading uagb-block-81d18f4d\"><p class=\"uagb-desc-text\">Entdecke<\/p><h1 class=\"uagb-heading-text\">Transformative spirituelle Erfahrungen erwarten Dich<\/h1><\/div>\n<\/div><\/div>\n\n\n\n<div class=\"wp-block-uagb-container uagb-block-5e795505 alignfull uagb-is-root-container\"><div class=\"uagb-container-inner-blocks-wrap\">\n<div class=\"wp-block-group is-nowrap is-layout-flex wp-container-core-group-is-layout-7387b849 wp-block-group-is-layout-flex\">\n<div class=\"wp-block-uagb-container uagb-layout-flex uagb-block-13753fdc\">\n<div class=\"wp-block-uagb-container uagb-layout-grid uagb-block-70315442\">\n<div class=\"wp-block-uagb-advanced-heading uagb-block-2ed95732\"><h2 class=\"uagb-heading-text\">01.<\/h2><\/div>\n\n\n\n<div class=\"wp-block-uagb-advanced-heading uagb-block-fc46c6a2\"><h3 class=\"uagb-heading-text\">Befreiende Retreats<\/h3><\/div>\n\n\n\n<p class=\"wp-block-paragraph\"><\/p>\n\n\n\n<p class=\"wp-block-paragraph\">Egal, ob Du das Leben voller Freude feiern oder mehr Frieden, Klarheit, Kreativit\u00e4t und Gl\u00fcckseligkeit finden m\u00f6chtest \u2013 bei uns bist Du genau richtig.\nUnsere herz\u00f6ffnenden Retreats bieten Dir einen intimen Raum f\u00fcr Innenschau, Meditation und die Verbindung mit Deinem innersten Selbst. Geleitet von erfahrenen Begleitern in der friedvollen Natur Nordindiens st\u00e4rkst Du die Verbindung zwischen K\u00f6rper, Geist und Seele. <a href=\"https:\/\/freesoul-union.com\/de\/freesoul-retreats\/\" data-type=\"page\" data-id=\"535\">Lese Mehr!<\/a><\/p>\n<\/div>\n<\/div>\n\n\n\n<div class=\"wp-block-uagb-container uagb-layout-flex uagb-block-504c891c\">\n<div class=\"wp-block-uagb-image alignleft uagb-block-4cb3c11f wp-block-uagb-image--layout-default wp-block-uagb-image--effect-static wp-block-uagb-image--align-left\"><figure class=\"wp-block-uagb-image__figure\"><img decoding=\"async\" srcset=\"https:\/\/freesoul-union.com\/wp-content\/uploads\/2025\/05\/joyfull-woman-purple-dress-purple-margaret-flower.jpg ,https:\/\/freesoul-union.com\/wp-content\/uploads\/2025\/05\/joyfull-woman-purple-dress-purple-margaret-flower.jpg 780w, https:\/\/freesoul-union.com\/wp-content\/uploads\/2025\/05\/joyfull-woman-purple-dress-purple-margaret-flower.jpg 360w\" sizes=\"auto, (max-width: 480px) 150px\" src=\"https:\/\/freesoul-union.com\/wp-content\/uploads\/2025\/05\/joyfull-woman-purple-dress-purple-margaret-flower.jpg\" alt=\"\" class=\"uag-image-774\" width=\"500\" height=\"400\" title=\"joyfull woman in purple dress among of purple margaret flower\" loading=\"lazy\" role=\"img\"\/><\/figure><\/div>\n<\/div>\n<\/div>\n\n\n\n<div class=\"wp-block-group is-nowrap is-layout-flex wp-container-core-group-is-layout-7387b849 wp-block-group-is-layout-flex\">\n<div class=\"wp-block-uagb-container uagb-layout-flex uagb-block-f38d5948\">\n<div class=\"wp-block-uagb-container uagb-layout-grid uagb-block-adcfbba8\">\n<div class=\"wp-block-uagb-advanced-heading uagb-block-b3c9acda\"><h2 class=\"uagb-heading-text\">02.<\/h2><\/div>\n\n\n\n<div class=\"wp-block-uagb-advanced-heading uagb-block-45689c19\"><h3 class=\"uagb-heading-text\">Gef\u00fchrte Touren<\/h3><p class=\"uagb-desc-text\">Erlebe die reiche Kultur und die spirituellen Aspekte Nordindiens auf unseren gef\u00fchrten Touren, die spirituelle Praktiken und Einblicke an jedem Ort beinhalten, um Dein Verst\u00e4ndnis zu vertiefen.                                      <a href=\"https:\/\/freesoul-union.com\/de\/freesoul-tours\/\" data-type=\"page\" data-id=\"537\">Lese Mehr!<\/a><\/p><\/div>\n<\/div>\n<\/div>\n\n\n\n<div class=\"wp-block-uagb-container uagb-layout-flex uagb-block-8b961bfa\">\n<div class=\"wp-block-uagb-image alignleft uagb-block-4ad89c79 wp-block-uagb-image--layout-default wp-block-uagb-image--effect-static wp-block-uagb-image--align-left\"><figure class=\"wp-block-uagb-image__figure\"><img decoding=\"async\" srcset=\"https:\/\/freesoul-union.com\/wp-content\/uploads\/2025\/05\/PXL_20250513_112328141-1024x771.jpg ,https:\/\/freesoul-union.com\/wp-content\/uploads\/2025\/05\/PXL_20250513_112328141-scaled.jpg 780w, https:\/\/freesoul-union.com\/wp-content\/uploads\/2025\/05\/PXL_20250513_112328141-scaled.jpg 360w\" sizes=\"auto, (max-width: 480px) 150px\" src=\"https:\/\/freesoul-union.com\/wp-content\/uploads\/2025\/05\/PXL_20250513_112328141-1024x771.jpg\" alt=\"\" class=\"uag-image-417\" width=\"500\" height=\"400\" title=\"PXL_20250513_112328141\" loading=\"lazy\" role=\"img\"\/><\/figure><\/div>\n<\/div>\n<\/div>\n\n\n\n<div class=\"wp-block-group is-nowrap is-layout-flex wp-container-core-group-is-layout-7387b849 wp-block-group-is-layout-flex\">\n<div class=\"wp-block-uagb-container uagb-layout-flex uagb-block-4ee57f3e\">\n<div class=\"wp-block-uagb-container uagb-layout-grid uagb-block-594a8eea\">\n<div class=\"wp-block-uagb-advanced-heading uagb-block-5d6c5941\"><h2 class=\"uagb-heading-text\">03.<\/h2><\/div>\n\n\n\n<div class=\"wp-block-uagb-advanced-heading uagb-block-8d75b0c9\"><h3 class=\"uagb-heading-text\">Spirituelle Heilbegleitung<\/h3><p class=\"uagb-desc-text\">Unsere Sitzungen sind auf Deine individuellen Bed\u00fcrfnisse zugeschnitten und bieten spirituelle Einsichten und Heilpraktiken f\u00fcr die pers\u00f6nliche Weiterentwicklung.                                                                                   <a href=\"https:\/\/freesoul-union.com\/de\/freesoul-guidance\/\" data-type=\"page\" data-id=\"539\">Lese Mehr!<\/a><\/p><\/div>\n<\/div>\n<\/div>\n\n\n\n<div class=\"wp-block-uagb-container uagb-layout-flex uagb-block-60d1d3a7\">\n<div class=\"wp-block-uagb-image alignleft uagb-block-23685b31 wp-block-uagb-image--layout-default wp-block-uagb-image--effect-static wp-block-uagb-image--align-left\"><figure class=\"wp-block-uagb-image__figure\"><img decoding=\"async\" srcset=\"https:\/\/freesoul-union.com\/wp-content\/uploads\/2025\/05\/full-shot-man-waving-laptop-scaled.jpg ,https:\/\/freesoul-union.com\/wp-content\/uploads\/2025\/05\/full-shot-man-waving-laptop-scaled.jpg 780w, https:\/\/freesoul-union.com\/wp-content\/uploads\/2025\/05\/full-shot-man-waving-laptop-scaled.jpg 360w\" sizes=\"auto, (max-width: 480px) 150px\" src=\"https:\/\/freesoul-union.com\/wp-content\/uploads\/2025\/05\/full-shot-man-waving-laptop-scaled.jpg\" alt=\"\" class=\"uag-image-764\" width=\"500\" height=\"400\" title=\"full-shot-man-waving-laptop\" loading=\"lazy\" role=\"img\"\/><\/figure><\/div>\n<\/div>\n<\/div>\n\n\n\n<div class=\"wp-block-group is-nowrap is-layout-flex wp-container-core-group-is-layout-7387b849 wp-block-group-is-layout-flex\">\n<div class=\"wp-block-uagb-container uagb-layout-flex uagb-block-5b6aae16\">\n<div class=\"wp-block-uagb-container uagb-layout-grid uagb-block-7fd03271\">\n<div class=\"wp-block-uagb-advanced-heading uagb-block-c28dc3f2\"><h2 class=\"uagb-heading-text\">04.<\/h2><\/div>\n\n\n\n<div class=\"wp-block-uagb-advanced-heading uagb-block-584a0e4a\"><h3 class=\"uagb-heading-text\">Reise Unterst\u00fctzung f\u00fcr Nord-Indien<\/h3><p class=\"uagb-desc-text\">Wir bieten Dir eine umfassende Unterst\u00fctzung bei der Planung und w\u00e4hrend Deiner gesamten Reise in Nordindien. So ist ein reibungsloses und bereicherndes Reiseerlebnis gew\u00e4hrleistet, das auf Deine spirituellen Intentionen zugeschnitten ist.                                                                        <a href=\"https:\/\/freesoul-union.com\/de\/freesoul-travel-support-and-guidance\/\" data-type=\"page\" data-id=\"541\">Lese Mehr!<\/a><\/p><\/div>\n<\/div>\n<\/div>\n\n\n\n<div class=\"wp-block-uagb-container uagb-layout-flex uagb-block-93b52dd6\">\n<div class=\"wp-block-uagb-image alignleft uagb-block-dacd5d34 wp-block-uagb-image--layout-default wp-block-uagb-image--effect-static wp-block-uagb-image--align-left\"><figure class=\"wp-block-uagb-image__figure\"><img decoding=\"async\" srcset=\"https:\/\/freesoul-union.com\/wp-content\/uploads\/2025\/05\/20220927_151800-1024x769.jpg ,https:\/\/freesoul-union.com\/wp-content\/uploads\/2025\/05\/20220927_151800-scaled.jpg 780w, https:\/\/freesoul-union.com\/wp-content\/uploads\/2025\/05\/20220927_151800-scaled.jpg 360w\" sizes=\"auto, (max-width: 480px) 150px\" src=\"https:\/\/freesoul-union.com\/wp-content\/uploads\/2025\/05\/20220927_151800-1024x769.jpg\" alt=\"\" class=\"uag-image-842\" width=\"500\" height=\"400\" title=\"20220927_151800\" loading=\"lazy\" role=\"img\"\/><\/figure><\/div>\n<\/div>\n<\/div>\n<\/div><\/div>\n\n\n\n<div style=\"height:28px\" aria-hidden=\"true\" class=\"wp-block-spacer\"><\/div>\n\n\n\n<div class=\"wp-block-uagb-container uagb-block-6f82293b alignfull uagb-is-root-container\"><div class=\"uagb-container-inner-blocks-wrap\">\n<div class=\"wp-block-uagb-info-box uagb-block-2de13869 uagb-infobox__content-wrap  uagb-infobox-icon-above-title uagb-infobox-image-valign-top wp-block-uagb-info-box--has-margin\"><div class=\"uagb-infobox-margin-wrapper\"><div class=\"uagb-ifb-content\"><div class=\"uagb-ifb-title-wrap\"><span class=\"uagb-ifb-title-prefix\">Kontaktiere uns<\/span><h2 class=\"uagb-ifb-title\">Beginne noch heute deine spirituelle Reise mit FreeSoul Union!<\/h2><\/div><p class=\"uagb-ifb-desc\">Verbinde Dich mit Deinem inneren Selbst und erforsche die Tiefen der Spiritualit\u00e4t durch unsere einzigartigen Angebote.<\/p><div class=\"uagb-ifb-button-wrapper wp-block-button\"><a href=\"\/de\/contact\/\" class=\"uagb-infobox-cta-link wp-block-button__link\" target=\"_self\" rel=\"noopener noreferrer\" onclick=\"return true;\"><span class=\"uagb-inline-editing\">Ich will eine kostenlose Beratung<\/span><\/a><\/div><\/div><\/div><\/div>\n<\/div><\/div>","protected":false},"excerpt":{"rendered":"<p>Explore Transformative spiritual experiences await you 01. Liberating Retreats Whether you want to wholesomely celebrate life with us or establish [&hellip;]<\/p>\n","protected":false},"author":1,"featured_media":0,"parent":0,"menu_order":0,"comment_status":"closed","ping_status":"closed","template":"","meta":{"_crdt_document":"","_uag_custom_page_level_css":"","site-sidebar-layout":"default","site-content-layout":"","ast-site-content-layout":"","site-content-style":"default","site-sidebar-style":"default","ast-global-header-display":"","ast-banner-title-visibility":"","ast-main-header-display":"","ast-hfb-above-header-display":"","ast-hfb-below-header-display":"","ast-hfb-mobile-header-display":"","site-post-title":"disabled","ast-breadcrumbs-content":"","ast-featured-img":"","footer-sml-layout":"","ast-disable-related-posts":"","theme-transparent-header-meta":"","adv-header-id-meta":"","stick-header-meta":"","header-above-stick-meta":"","header-main-stick-meta":"","header-below-stick-meta":"","astra-migrate-meta-layouts":"default","ast-page-background-enabled":"default","ast-page-background-meta":{"desktop":{"background-color":"var(--ast-global-color-4)","background-image":"","background-repeat":"repeat","background-position":"center center","background-size":"auto","background-attachment":"scroll","background-type":"","background-media":"","overlay-type":"","overlay-color":"","overlay-opacity":"","overlay-gradient":""},"tablet":{"background-color":"","background-image":"","background-repeat":"repeat","background-position":"center center","background-size":"auto","background-attachment":"scroll","background-type":"","background-media":"","overlay-type":"","overlay-color":"","overlay-opacity":"","overlay-gradient":""},"mobile":{"background-color":"","background-image":"","background-repeat":"repeat","background-position":"center center","background-size":"auto","background-attachment":"scroll","background-type":"","background-media":"","overlay-type":"","overlay-color":"","overlay-opacity":"","overlay-gradient":""}},"ast-content-background-meta":{"desktop":{"background-color":"var(--ast-global-color-5)","background-image":"","background-repeat":"repeat","background-position":"center center","background-size":"auto","background-attachment":"scroll","background-type":"","background-media":"","overlay-type":"","overlay-color":"","overlay-opacity":"","overlay-gradient":""},"tablet":{"background-color":"var(--ast-global-color-5)","background-image":"","background-repeat":"repeat","background-position":"center center","background-size":"auto","background-attachment":"scroll","background-type":"","background-media":"","overlay-type":"","overlay-color":"","overlay-opacity":"","overlay-gradient":""},"mobile":{"background-color":"var(--ast-global-color-5)","background-image":"","background-repeat":"repeat","background-position":"center center","background-size":"auto","background-attachment":"scroll","background-type":"","background-media":"","overlay-type":"","overlay-color":"","overlay-opacity":"","overlay-gradient":""}},"iawp_total_views":50,"footnotes":""},"class_list":["post-99","page","type-page","status-publish","hentry"],"uagb_featured_image_src":{"full":false,"thumbnail":false,"medium":false,"medium_large":false,"large":false,"1536x1536":false,"2048x2048":false,"trp-custom-language-flag":false},"uagb_author_info":{"display_name":"Rama","author_link":"https:\/\/freesoul-union.com\/de\/author\/rama\/"},"uagb_comment_info":0,"uagb_excerpt":"Explore Transformative spiritual experiences await you 01. Liberating Retreats Whether you want to wholesomely celebrate life with us or establish [&hellip;]","_links":{"self":[{"href":"https:\/\/freesoul-union.com\/de\/wp-json\/wp\/v2\/pages\/99","targetHints":{"allow":["GET"]}}],"collection":[{"href":"https:\/\/freesoul-union.com\/de\/wp-json\/wp\/v2\/pages"}],"about":[{"href":"https:\/\/freesoul-union.com\/de\/wp-json\/wp\/v2\/types\/page"}],"author":[{"embeddable":true,"href":"https:\/\/freesoul-union.com\/de\/wp-json\/wp\/v2\/users\/1"}],"replies":[{"embeddable":true,"href":"https:\/\/freesoul-union.com\/de\/wp-json\/wp\/v2\/comments?post=99"}],"version-history":[{"count":29,"href":"https:\/\/freesoul-union.com\/de\/wp-json\/wp\/v2\/pages\/99\/revisions"}],"predecessor-version":[{"id":1408,"href":"https:\/\/freesoul-union.com\/de\/wp-json\/wp\/v2\/pages\/99\/revisions\/1408"}],"wp:attachment":[{"href":"https:\/\/freesoul-union.com\/de\/wp-json\/wp\/v2\/media?parent=99"}],"curies":[{"name":"wp","href":"https:\/\/api.w.org\/{rel}","templated":true}]}}