{"id":98,"date":"2025-05-27T02:12:21","date_gmt":"2025-05-27T02:12:21","guid":{"rendered":"https:\/\/freesoul-union.com\/about\/"},"modified":"2025-11-26T03:05:13","modified_gmt":"2025-11-26T03:05:13","slug":"about","status":"publish","type":"page","link":"https:\/\/freesoul-union.com\/de\/about\/","title":{"rendered":"\u00dcber uns"},"content":{"rendered":"<div class=\"wp-block-uagb-container uagb-block-a6be1363 alignfull uagb-is-root-container\"><div class=\"uagb-container__shape uagb-container__shape-bottom uagb-container__shape-flip uagb-container__invert\" data-negative=\"false\"><svg xmlns=\"https:\/\/www.w3.org\/2000\/svg\" viewbox=\"0 0 1000 100\" preserveaspectratio=\"none\"><path class=\"uagb-container__shape-fill\" d=\"M1000,4.3V0H0v4.3C0.9,23.1,126.7,99.2,500,100S1000,22.7,1000,4.3z\"><\/path><\/svg><\/div><div class=\"uagb-container-inner-blocks-wrap\">\n<div class=\"wp-block-uagb-advanced-heading uagb-block-81d18f4d\"><p class=\"uagb-desc-text\">Entdecke<\/p><h1 class=\"uagb-heading-text\">Unsere heilende Reise zu innerer Freiheit <\/h1><\/div>\n<\/div><\/div>\n\n\n\n<div class=\"wp-block-uagb-container uagb-block-9dbb18d7 alignfull uagb-is-root-container\"><div class=\"uagb-container-inner-blocks-wrap\">\n<div class=\"wp-block-uagb-advanced-heading uagb-block-1fd5f659\"><p class=\"uagb-desc-text\">Wer wir sind<\/p><h2 class=\"uagb-heading-text\">Mit Einfachheit und Freude zu innerer Freiheit<\/h2><\/div>\n\n\n\n<div class=\"wp-block-uagb-container uagb-layout-grid uagb-block-84e20ad5\">\n<div class=\"wp-block-uagb-image alignleft uagb-block-52eed376 wp-block-uagb-image--layout-default wp-block-uagb-image--effect-static wp-block-uagb-image--align-left\"><figure class=\"wp-block-uagb-image__figure\"><img decoding=\"async\" srcset=\"https:\/\/freesoul-union.com\/wp-content\/uploads\/2025\/11\/PXL_20250922_062728892-1-1024x771.jpg ,https:\/\/freesoul-union.com\/wp-content\/uploads\/2025\/11\/PXL_20250922_062728892-1-scaled.jpg 780w, https:\/\/freesoul-union.com\/wp-content\/uploads\/2025\/11\/PXL_20250922_062728892-1-scaled.jpg 360w\" sizes=\"auto, (max-width: 480px) 150px\" src=\"https:\/\/freesoul-union.com\/wp-content\/uploads\/2025\/11\/PXL_20250922_062728892-1-1024x771.jpg\" alt=\"\" class=\"uag-image-1279\" width=\"500\" height=\"450\" title=\"PXL_20250922_062728892\" loading=\"lazy\" role=\"img\"\/><\/figure><\/div>\n\n\n\n<div class=\"wp-block-uagb-info-box uagb-block-de5ccef8 uagb-infobox__content-wrap  uagb-infobox-icon-above-title uagb-infobox-image-valign-top wp-block-uagb-info-box--has-margin\"><div class=\"uagb-infobox-margin-wrapper\"><div class=\"uagb-ifb-content\"><div class=\"uagb-ifb-title-wrap\"><h3 class=\"uagb-ifb-title-prefix\">Wir st\u00e4rken das Individuum, indem wir tiefgreifende Transformationen erm\u00f6glichen und zu innerer Freiheit und Gl\u00fcckseligkeit f\u00fchren und begleiten. <\/h3><p class=\"uagb-ifb-title\">Wir von FreeSoul Union sind noch in der Gr\u00fcndungsphase und streben weder nach hohen Gewinnen noch nach Ruhm. Was wir tun, tun wir aus Freude. Indem wir emotional authentisch und im Einklang mit dem Fluss des Lebens handeln, bringen wir unsere Kreativit\u00e4t und individuellen Qualit\u00e4ten ein, um Heilung in der Welt zu f\u00f6rdern. Es geht nicht darum, was wir wollen, sondern darum, was wir \u2013 als Einzelne und als Menschheit \u2013 wirklich brauchen, um uns weiterzuentwickeln und unseren Geist zu heilen.<\/p><\/div><p class=\"uagb-ifb-desc\">Unsere Berufung ist es, Dich auf Deinem Weg der Selbstentdeckung zu begleiten und zu f\u00fchren. Durch unsere Retreats, Reisen und Heilbegleitung kannst Du tiefgehendes pers\u00f6nliches Wachstum erfahren und zu einem neuen Verst\u00e4ndnis erwachen. Unser ganzheitlicher Ansatz sorgt f\u00fcr Harmonie und Balance in Deinem Leben. Wir feiern die transformative Reise und schaffen eine Gemeinschaft, in der Verbundenheit, Liebe, Kreativit\u00e4t und spirituelles Bewusstsein erbl\u00fchen.<br><br>Wir lieben es, Teil der Natur zu sein und sch\u00e4tzen sie zutiefst. Wir sp\u00fcren, dass die R\u00fcckverbindung mit der Natur wesentlich ist f\u00fcr Freude, Harmonie und Balance. <br><\/p><\/div><\/div><\/div>\n<\/div>\n<\/div><\/div>\n\n\n\n<div class=\"wp-block-uagb-container uagb-layout-grid uagb-block-80731fa3 alignfull uagb-is-root-container\"><div class=\"uagb-container__shape uagb-container__shape-top uagb-container__shape-flip\"><svg xmlns=\"https:\/\/www.w3.org\/2000\/svg\" viewbox=\"0 0 937.5 120\" preserveaspectratio=\"none\"><path class=\"uagb-container__shape-fill\" d=\"M937,129.8V-0.1H0v129.9C0,62.6,209.6,8.2,468.4,8.2S936.9,62.6,937,129.8z\"><\/path><\/svg><\/div><div class=\"uagb-container-inner-blocks-wrap\">\n<div class=\"wp-block-uagb-info-box uagb-block-4184a682 uagb-infobox__content-wrap  uagb-infobox-icon-above-title uagb-infobox-image-valign-top wp-block-uagb-info-box--has-margin\"><div class=\"uagb-infobox-margin-wrapper\"><div class=\"uagb-ifb-content\"><div class=\"uagb-ifb-title-wrap\"><span class=\"uagb-ifb-title-prefix\">Unsere Urspr\u00fcnge<\/span><h2 class=\"uagb-ifb-title\">Die Reise von FreeSoul Union<\/h2><\/div><p class=\"uagb-ifb-desc\">FreeSoul Union wurde von Wolfram Ascheid und Anjali Singh ins Leben gerufen, die ihre unterschiedlichen Hintergr\u00fcnde und jahrelange Erfahrung in Meditation und Heilung miteinander verbinden. Sie werden von der Entschlossenheit geleitet, immer liebevoll und aufrichtig zu sein. Wolfram reiste zum dritten Mal nach Indien, als er Anjali begegnete. Auf seiner spirituellen Reise f\u00fchlte er sich zu Mutter Indien und der heiligen Weiblichkeit hingezogen, um Einheit zu finden. Anjali wiederum war auf der Suche nach einem spirituellen Gegenpart, dem sie sich hingebungsvoll zuwenden konnte. Mit dem Wunsch, ein Leben aufzubauen, das nicht einfach eine selbstzerst\u00f6rerische Weltmaschinerie f\u00fcttert, entstand FreeSoul Union.<\/p><\/div><\/div><\/div>\n\n\n\n<div class=\"wp-block-uagb-image alignright uagb-block-eb3eeb07 wp-block-uagb-image--layout-default wp-block-uagb-image--effect-static wp-block-uagb-image--align-right\"><figure class=\"wp-block-uagb-image__figure\"><img decoding=\"async\" srcset=\"https:\/\/freesoul-union.com\/wp-content\/uploads\/2025\/11\/PXL_20241224_110412714-komp-768x1024.jpg ,https:\/\/freesoul-union.com\/wp-content\/uploads\/2025\/11\/PXL_20241224_110412714-komp.jpg 780w, https:\/\/freesoul-union.com\/wp-content\/uploads\/2025\/11\/PXL_20241224_110412714-komp.jpg 360w\" sizes=\"auto, (max-width: 480px) 150px\" src=\"https:\/\/freesoul-union.com\/wp-content\/uploads\/2025\/11\/PXL_20241224_110412714-komp-768x1024.jpg\" alt=\"\" class=\"uag-image-1267\" width=\"500\" height=\"450\" title=\"PXL_20241224_110412714 komp\" loading=\"lazy\" role=\"img\"\/><\/figure><\/div>\n<\/div><\/div>\n\n\n\n<div class=\"wp-block-uagb-container uagb-block-ea6d17a5 alignfull uagb-is-root-container\"><div class=\"uagb-container__shape uagb-container__shape-top\"><svg xmlns=\"https:\/\/www.w3.org\/2000\/svg\" viewbox=\"0 0 937.5 120\" preserveaspectratio=\"none\"><path class=\"uagb-container__shape-fill\" d=\"M937,129.8V-0.1H0v129.9C0,62.6,209.6,8.2,468.4,8.2S936.9,62.6,937,129.8z\"><\/path><\/svg><\/div><div class=\"uagb-container__shape uagb-container__shape-bottom uagb-container__shape-flip uagb-container__invert\" data-negative=\"false\"><svg xmlns=\"https:\/\/www.w3.org\/2000\/svg\" viewbox=\"0 0 1000 100\" preserveaspectratio=\"none\"><path class=\"uagb-container__shape-fill\" d=\"M1000,4.3V0H0v4.3C0.9,23.1,126.7,99.2,500,100S1000,22.7,1000,4.3z\"><\/path><\/svg><\/div><div class=\"uagb-container-inner-blocks-wrap\">\n<div class=\"wp-block-uagb-call-to-action uagb-block-da2dd64b wp-block-button\"><div class=\"uagb-cta__wrap\"><h3 class=\"uagb-cta__title\">Werde Teil unserer Vision!<\/h3><p class=\"uagb-cta__desc\"><em>M\u00f6chtest Du Teil einer Vision werden, die \u00fcber Profit und die aktuellen Grenzen des menschlichen Geistes hinausgeht? Wir bewegen uns auf ein Zuhause zu, in dem Menschen zusammenkommen, um die ultimative Freiheit zu entdecken.<\/em><br><em>Du kannst entweder Teil unserer Denkfabrik werden, ein Retreat mit uns organisieren, Du kannst spenden oder in unsere Vision investieren. Wir freuen uns \u00fcber jede Form der Beteiligung und sind offen f\u00fcr Ideen.<\/em><\/p><\/div><div class=\"uagb-cta__buttons\"><a href=\"\/de\/Projects\/\" class=\"uagb-cta__button-link-wrapper wp-block-button__link\" target=\"_self\" rel=\"noopener noreferrer\">Lese Mehr!<\/a><\/div><\/div>\n<\/div><\/div>\n\n\n\n<div class=\"wp-block-uagb-container uagb-block-df8ee77f alignfull uagb-is-root-container\"><div class=\"uagb-container-inner-blocks-wrap\">\n<div class=\"wp-block-uagb-advanced-heading uagb-block-da70d213\"><p class=\"uagb-desc-text\">Lerne uns kennen<\/p><h2 class=\"uagb-heading-text\">Die Gr\u00fcnder von FreeSoul Union<\/h2><\/div>\n\n\n\n<div class=\"wp-block-uagb-container uagb-block-d0e3ffef\">\n<div class=\"wp-block-uagb-container uagb-block-66fe1c83\">\n<div class=\"wp-block-uagb-info-box uagb-block-9fa154fb uagb-infobox__content-wrap  uagb-infobox-icon-above-title uagb-infobox-image-valign-top\"><div class=\"uagb-ifb-content\"><div class=\"uagb-ifb-image-content\"><img decoding=\"async\" src=\"https:\/\/freesoul-union.com\/wp-content\/uploads\/2025\/11\/Anjali-solo-lacheln-komp-150x150.jpg\" alt=\"\" width=\"150\" height=\"150\" loading=\"lazy\"\/><\/div><div class=\"uagb-ifb-title-wrap\"><p class=\"uagb-ifb-title\">Anjali Singh<\/p><\/div><p class=\"uagb-ifb-desc\">Kreative und ausf\u00fchrende Unterst\u00fctzung<\/p><\/div><\/div>\n<\/div>\n\n\n\n<div class=\"wp-block-uagb-container uagb-block-a31af704\">\n<div class=\"wp-block-uagb-info-box uagb-block-2b47405f uagb-infobox__content-wrap  uagb-infobox-icon-above-title uagb-infobox-image-valign-top\"><div class=\"uagb-ifb-content\"><div class=\"uagb-ifb-image-content\"><img decoding=\"async\" src=\"https:\/\/freesoul-union.com\/wp-content\/uploads\/2025\/05\/ich_indien-150x150.jpg\" alt=\"\" width=\"150\" height=\"150\" loading=\"lazy\"\/><\/div><div class=\"uagb-ifb-title-wrap\"><p class=\"uagb-ifb-title\">Wolfram Ascheid<\/p><\/div><p class=\"uagb-ifb-desc\">Kreativer und ausf\u00fchrender Leiter <\/p><\/div><\/div>\n<\/div>\n\n\n\n<div class=\"wp-block-uagb-container uagb-block-5755988a\">\n<div class=\"wp-block-uagb-info-box uagb-block-8a861bdd uagb-infobox__content-wrap  uagb-infobox-icon-above-title uagb-infobox-image-valign-top\"><div class=\"uagb-ifb-content\"><div class=\"uagb-ifb-image-content\"><img decoding=\"async\" src=\"https:\/\/freesoul-union.com\/wp-content\/uploads\/2024\/05\/team-skip-02-150x150.jpg\" alt=\"\" width=\"150\" height=\"150\" loading=\"lazy\"\/><\/div><div class=\"uagb-ifb-title-wrap\"><p class=\"uagb-ifb-title\">Palash Batra<\/p><\/div><p class=\"uagb-ifb-desc\">Freiwilliger Support<\/p><\/div><\/div>\n<\/div>\n<\/div>\n<\/div><\/div>\n\n\n\n<div class=\"wp-block-uagb-team uagb-team__image-position-above uagb-team__align-center uagb-team__stack-tablet uagb-block-9404b60a\"><div class=\"uagb-team__content\"><h3 class=\"uagb-team__title\">\u00dcber Palash Batra<\/h3><span class=\"uagb-team__prefix\">Gr\u00fcnder- und Netzwerksupport<\/span><p class=\"uagb-team__desc\"><\/p><\/div><\/div>\n\n\n\n<blockquote class=\"wp-block-quote is-layout-flow wp-block-quote-is-layout-flow\">\n<p class=\"has-medium-font-size wp-block-paragraph\">Palash war eine gro\u00dfe Unterst\u00fctzung f\u00fcr FreeSoul Union. Nachdem Wolfram beim ersten Versuch, ein Gesch\u00e4ft in Indien aufzubauen, eine schlechte Erfahrung gemacht hatte, kam Palash zur Hilfe \u2013 ohne irgendetwas daf\u00fcr zu verlangen. Er ist von Natur aus sehr hilfsbereit, und sein Verst\u00e4ndnis daf\u00fcr, wie man ein Gesch\u00e4ft aufbaut, ist beeindruckend. Ohne seine Hilfe, sein Netzwerk von Menschen und sein Wissen \u00fcber indische Orte h\u00e4tten wir einen schwierigeren Start gehabt.<\/p>\n<\/blockquote>\n\n\n\n<div style=\"height:100px\" aria-hidden=\"true\" class=\"wp-block-spacer\"><\/div>\n\n\n\n<div class=\"wp-block-uagb-team uagb-team__image-position-above uagb-team__align-center uagb-team__stack-tablet uagb-block-d32855f6\"><div class=\"uagb-team__content\"><h3 class=\"uagb-team__title\">Was Wolfram \u00fcber Anjali sagt<\/h3><span class=\"uagb-team__prefix\">Spirituelle und kreative Unterst\u00fctzung f\u00fcr Retreats und Touren<\/span><p class=\"uagb-team__desc\"><\/p><\/div><\/div>\n\n\n\n<blockquote class=\"wp-block-quote has-medium-font-size is-layout-flow wp-block-quote-is-layout-flow\">\n<p class=\"has-medium-font-size wp-block-paragraph\">Meine Partnerin ist eine spirituell hingebungsvolle und disziplinierte Frau. Durch direkte Erfahrung und mit gro\u00dfer Intelligenz hat sie es geschafft, ein echtes wissenschaftliches Verst\u00e4ndnis des feinstofflichen Energiesystems des Menschen aufzubauen. Sie ist von Natur aus kreativ und entspannt, und ich liebe ihre kindliche Energie. Mit ihr zu sprechen f\u00fchlt sich f\u00fcr mich an, als h\u00e4tte ich jemanden an meiner Seite, der wirklich alles verstehen kann. Es ist mir eine gro\u00dfe Freude, sie als Partnerin zu haben. Durch sie habe ich eine tiefe Verbindung zum heiligen Weiblichkeit und zum Geiste Indiens.<\/p>\n<\/blockquote>\n\n\n\n<div style=\"height:100px\" aria-hidden=\"true\" class=\"wp-block-spacer\"><\/div>\n\n\n\n<div class=\"wp-block-uagb-team uagb-team__image-position-above uagb-team__align-center uagb-team__stack-tablet uagb-block-2066f10f\"><div class=\"uagb-team__content\"><h3 class=\"uagb-team__title\">Was Anjali \u00fcber Wolfram sagt<\/h3><span class=\"uagb-team__prefix\">Leiter der Retreats, Touren und der Heilbegleitung<\/span><p class=\"uagb-team__desc\"><\/p><\/div><\/div>\n\n\n\n<blockquote class=\"wp-block-quote is-layout-flow wp-block-quote-is-layout-flow\">\n<p class=\"has-medium-font-size wp-block-paragraph\">Wolfram ist eine sehr freundliche und aufrichtige Seele, die die wahre Spiritualit\u00e4t ganz allein f\u00fcr sich entdeckt hat \u2013 trotz seines modernen Lebens und all der Versuchungen, die es mit sich bringt. Sein aufrichtiges Anliegen ist es, sein inneres Gl\u00fcck mit anderen zu teilen und befreiende sowie transformierende Erfahrungen zu erm\u00f6glichen. Im Gespr\u00e4ch mit ihm wurde mir klar, dass er das Leben ganzheitlich wahrnimmt und die wesentlichen Zusammenh\u00e4nge m\u00fchelos erkennt. Ich sch\u00e4tze seine verspielte, unschuldige und verst\u00e4ndnisvolle Art sehr. Wolfram f\u00fchlt sich stark mit Indien verbunden. Er w\u00fcnscht sich, dass Menschen aus aller Welt kommen und erleben k\u00f6nnen, was Indien im Hinblick auf Spiritualit\u00e4t und Gastfreundschaft zu bieten hat.<\/p>\n<\/blockquote>\n\n\n\n<div style=\"height:36px\" aria-hidden=\"true\" class=\"wp-block-spacer\"><\/div>\n\n\n\n<div class=\"wp-block-group has-border-color has-ast-global-color-0-border-color has-ast-global-color-4-background-color has-background has-medium-font-size is-content-justification-left is-layout-constrained wp-container-core-group-is-layout-09df8910 wp-block-group-is-layout-constrained\" style=\"border-width:1px;border-radius:18px;margin-top:0;margin-bottom:0\">\n<div class=\"wp-block-uagb-advanced-heading uagb-block-a14d9453\"><h2 class=\"uagb-heading-text\"><em>Wolframs Qualifikationen<\/em><\/h2><\/div>\n\n\n\n<div style=\"height:15px\" aria-hidden=\"true\" class=\"wp-block-spacer\"><\/div>\n\n\n\n<div class=\"wp-block-uagb-icon-list uagb-block-be1cc06e\"><div class=\"uagb-icon-list__wrap\">\n<div class=\"wp-block-uagb-icon-list-child uagb-block-ff6be09b\"><span class=\"uagb-icon-list__source-wrap\"><svg xmlns=\"https:\/\/www.w3.org\/2000\/svg\" viewbox=\"0 0 256 512\"><path d=\"M118.6 105.4l128 127.1C252.9 239.6 256 247.8 256 255.1s-3.125 16.38-9.375 22.63l-128 127.1c-9.156 9.156-22.91 11.9-34.88 6.943S64 396.9 64 383.1V128c0-12.94 7.781-24.62 19.75-29.58S109.5 96.23 118.6 105.4z\"><\/path><\/svg><\/span><span class=\"uagb-icon-list__label\">Bachelor of Arts in Sport, Gesundheit und Freizeit. Master of Arts in Gesundheitsbildung.<\/span><\/div>\n\n\n\n<div class=\"wp-block-uagb-icon-list-child uagb-block-4a47047d\"><span class=\"uagb-icon-list__source-wrap\"><svg xmlns=\"https:\/\/www.w3.org\/2000\/svg\" viewbox=\"0 0 256 512\"><path d=\"M118.6 105.4l128 127.1C252.9 239.6 256 247.8 256 255.1s-3.125 16.38-9.375 22.63l-128 127.1c-9.156 9.156-22.91 11.9-34.88 6.943S64 396.9 64 383.1V128c0-12.94 7.781-24.62 19.75-29.58S109.5 96.23 118.6 105.4z\"><\/path><\/svg><\/span><span class=\"uagb-icon-list__label\">Zertifizierung f\u00fcr Entspannungstechniken und Hatha-Yoga-Asanas von der KET-Akademie Karlsruhe.<\/span><\/div>\n\n\n\n<div class=\"wp-block-uagb-icon-list-child uagb-block-be6f439e\"><span class=\"uagb-icon-list__source-wrap\"><svg xmlns=\"https:\/\/www.w3.org\/2000\/svg\" viewbox=\"0 0 256 512\"><path d=\"M118.6 105.4l128 127.1C252.9 239.6 256 247.8 256 255.1s-3.125 16.38-9.375 22.63l-128 127.1c-9.156 9.156-22.91 11.9-34.88 6.943S64 396.9 64 383.1V128c0-12.94 7.781-24.62 19.75-29.58S109.5 96.23 118.6 105.4z\"><\/path><\/svg><\/span><span class=\"uagb-icon-list__label\">Besuche verschiedener Ashrams und dadurch \u00fcber deren Philosophien und Meditationstechniken gelernt.<\/span><\/div>\n\n\n\n<div class=\"wp-block-uagb-icon-list-child uagb-block-ef406c47\"><span class=\"uagb-icon-list__source-wrap\"><svg xmlns=\"https:\/\/www.w3.org\/2000\/svg\" viewbox=\"0 0 256 512\"><path d=\"M118.6 105.4l128 127.1C252.9 239.6 256 247.8 256 255.1s-3.125 16.38-9.375 22.63l-128 127.1c-9.156 9.156-22.91 11.9-34.88 6.943S64 396.9 64 383.1V128c0-12.94 7.781-24.62 19.75-29.58S109.5 96.23 118.6 105.4z\"><\/path><\/svg><\/span><span class=\"uagb-icon-list__label\">Nicht zertifizierbares Bewusstsein. <\/span><\/div>\n<\/div><\/div>\n<\/div>\n\n\n\n<div style=\"height:65px\" aria-hidden=\"true\" class=\"wp-block-spacer\"><\/div>\n\n\n\n<blockquote class=\"wp-block-quote is-layout-flow wp-block-quote-is-layout-flow\">\n<p class=\"wp-block-paragraph\" style=\"font-size:24px\">&#8220;<em>Das Leben ist ein Traum oder ein Geschehen innerhalb einer kosmischen Meditation. Es ist wie das Rezitieren eines Mantras. Du kannst gar nicht nicht meditieren, solange der umherwandernde, widerstrebende und anhaftende Geist nicht dazwischenfunkt. Wenn Du Dich einfach hinsetzt und nichts tust, wird all Deine mentale Last nach und nach abfallen \u2013 und das Wesen der Meditation wird sich Dir offenbaren. Ebenso wirst Du Befreiung finden, wenn Du Dich ganz in den kreativen Prozess vertiefst, in dem Du gerade bist. Nur werden wir so leicht von der sinnlichen Welt abgelenkt und geschw\u00e4cht, dass tiefere Meditationspraktiken auf dem Weg zur Befreiung unerl\u00e4sslich werden.<\/em>&#8221; <em>&#8211; Wolfram Ascheid<\/em><\/p>\n<\/blockquote>\n\n\n\n<div style=\"height:40px\" aria-hidden=\"true\" class=\"wp-block-spacer\"><\/div>\n\n\n\n<div class=\"wp-block-uagb-container uagb-block-6f82293b alignfull uagb-is-root-container\"><div class=\"uagb-container-inner-blocks-wrap\">\n<div class=\"wp-block-uagb-info-box uagb-block-2de13869 uagb-infobox__content-wrap  uagb-infobox-icon-above-title uagb-infobox-image-valign-top wp-block-uagb-info-box--has-margin\"><div class=\"uagb-infobox-margin-wrapper\"><div class=\"uagb-ifb-content\"><div class=\"uagb-ifb-title-wrap\"><span class=\"uagb-ifb-title-prefix\">Kontaktiere uns<\/span><h2 class=\"uagb-ifb-title\">Beginne noch heute deine spirituelle Reise mit FreeSoul Union!<\/h2><\/div><p class=\"uagb-ifb-desc\">Verbinde Dich mit Deinem inneren Selbst und erforsche die Tiefen der Spiritualit\u00e4t durch unsere einzigartigen Angebote.<\/p><div class=\"uagb-ifb-button-wrapper wp-block-button\"><a href=\"\/de\/contact\/\" class=\"uagb-infobox-cta-link wp-block-button__link\" target=\"_self\" rel=\"noopener noreferrer\" onclick=\"return true;\"><span class=\"uagb-inline-editing\">Ich will eine kostenlose Beratung<\/span><\/a><\/div><\/div><\/div><\/div>\n<\/div><\/div>\n\n\n\n<p class=\"wp-block-paragraph\"><\/p>","protected":false},"excerpt":{"rendered":"<p>Discover Our healing journey to inner freedom Who We Are With ease and joy to inner freedom Meet Us The [&hellip;]<\/p>\n","protected":false},"author":1,"featured_media":0,"parent":0,"menu_order":0,"comment_status":"closed","ping_status":"closed","template":"","meta":{"_crdt_document":"","_uag_custom_page_level_css":"","site-sidebar-layout":"default","site-content-layout":"","ast-site-content-layout":"","site-content-style":"default","site-sidebar-style":"default","ast-global-header-display":"","ast-banner-title-visibility":"","ast-main-header-display":"","ast-hfb-above-header-display":"","ast-hfb-below-header-display":"","ast-hfb-mobile-header-display":"","site-post-title":"disabled","ast-breadcrumbs-content":"","ast-featured-img":"","footer-sml-layout":"","ast-disable-related-posts":"","theme-transparent-header-meta":"","adv-header-id-meta":"","stick-header-meta":"","header-above-stick-meta":"","header-main-stick-meta":"","header-below-stick-meta":"","astra-migrate-meta-layouts":"default","ast-page-background-enabled":"default","ast-page-background-meta":{"desktop":{"background-color":"var(--ast-global-color-4)","background-image":"","background-repeat":"repeat","background-position":"center center","background-size":"auto","background-attachment":"scroll","background-type":"","background-media":"","overlay-type":"","overlay-color":"","overlay-opacity":"","overlay-gradient":""},"tablet":{"background-color":"","background-image":"","background-repeat":"repeat","background-position":"center center","background-size":"auto","background-attachment":"scroll","background-type":"","background-media":"","overlay-type":"","overlay-color":"","overlay-opacity":"","overlay-gradient":""},"mobile":{"background-color":"","background-image":"","background-repeat":"repeat","background-position":"center center","background-size":"auto","background-attachment":"scroll","background-type":"","background-media":"","overlay-type":"","overlay-color":"","overlay-opacity":"","overlay-gradient":""}},"ast-content-background-meta":{"desktop":{"background-color":"var(--ast-global-color-5)","background-image":"","background-repeat":"repeat","background-position":"center center","background-size":"auto","background-attachment":"scroll","background-type":"","background-media":"","overlay-type":"","overlay-color":"","overlay-opacity":"","overlay-gradient":""},"tablet":{"background-color":"var(--ast-global-color-5)","background-image":"","background-repeat":"repeat","background-position":"center center","background-size":"auto","background-attachment":"scroll","background-type":"","background-media":"","overlay-type":"","overlay-color":"","overlay-opacity":"","overlay-gradient":""},"mobile":{"background-color":"var(--ast-global-color-5)","background-image":"","background-repeat":"repeat","background-position":"center center","background-size":"auto","background-attachment":"scroll","background-type":"","background-media":"","overlay-type":"","overlay-color":"","overlay-opacity":"","overlay-gradient":""}},"iawp_total_views":121,"footnotes":""},"class_list":["post-98","page","type-page","status-publish","hentry"],"uagb_featured_image_src":{"full":false,"thumbnail":false,"medium":false,"medium_large":false,"large":false,"1536x1536":false,"2048x2048":false,"trp-custom-language-flag":false},"uagb_author_info":{"display_name":"Rama","author_link":"https:\/\/freesoul-union.com\/de\/author\/rama\/"},"uagb_comment_info":0,"uagb_excerpt":"Discover Our healing journey to inner freedom Who We Are With ease and joy to inner freedom Meet Us The [&hellip;]","_links":{"self":[{"href":"https:\/\/freesoul-union.com\/de\/wp-json\/wp\/v2\/pages\/98","targetHints":{"allow":["GET"]}}],"collection":[{"href":"https:\/\/freesoul-union.com\/de\/wp-json\/wp\/v2\/pages"}],"about":[{"href":"https:\/\/freesoul-union.com\/de\/wp-json\/wp\/v2\/types\/page"}],"author":[{"embeddable":true,"href":"https:\/\/freesoul-union.com\/de\/wp-json\/wp\/v2\/users\/1"}],"replies":[{"embeddable":true,"href":"https:\/\/freesoul-union.com\/de\/wp-json\/wp\/v2\/comments?post=98"}],"version-history":[{"count":58,"href":"https:\/\/freesoul-union.com\/de\/wp-json\/wp\/v2\/pages\/98\/revisions"}],"predecessor-version":[{"id":1407,"href":"https:\/\/freesoul-union.com\/de\/wp-json\/wp\/v2\/pages\/98\/revisions\/1407"}],"wp:attachment":[{"href":"https:\/\/freesoul-union.com\/de\/wp-json\/wp\/v2\/media?parent=98"}],"curies":[{"name":"wp","href":"https:\/\/api.w.org\/{rel}","templated":true}]}}