{"id":856,"date":"2025-05-31T15:55:16","date_gmt":"2025-05-31T15:55:16","guid":{"rendered":"https:\/\/freesoul-union.com\/terms-and-conditions\/"},"modified":"2026-01-03T07:45:20","modified_gmt":"2026-01-03T07:45:20","slug":"terms-and-conditions","status":"publish","type":"page","link":"https:\/\/freesoul-union.com\/de\/terms-and-conditions\/","title":{"rendered":"Allgemeine Gesch\u00e4ftsbedingungen"},"content":{"rendered":"<p class=\"wp-block-paragraph\"><em>Die Allgemeinen Gesch\u00e4ftsbedingungen wurden zuletzt am 3. Januar 2026 aktualisiert.<\/em>6<\/p>\n\n\n\n<h2 class=\"wp-block-heading\"><strong>1. Einleitung<\/strong><\/h2>\n\n\n\n<p class=\"wp-block-paragraph\">Diese Allgemeinen Gesch\u00e4ftsbedingungen gelten f\u00fcr diese Website und f\u00fcr Transaktionen im Zusammenhang mit unseren Produkten und Dienstleistungen. M\u00f6glicherweise gelten f\u00fcr Sie zus\u00e4tzliche Vertr\u00e4ge, die Ihre Gesch\u00e4ftsbeziehung mit uns oder die von uns bezogenen Produkte oder Dienstleistungen betreffen. Sollten Bestimmungen dieser zus\u00e4tzlichen Vertr\u00e4ge mit Bestimmungen dieser Allgemeinen Gesch\u00e4ftsbedingungen in Konflikt stehen, haben die Bestimmungen der zus\u00e4tzlichen Vertr\u00e4ge Vorrang.<\/p>\n\n\n\n<h2 class=\"wp-block-heading\"><strong>2. Bindung<\/strong><\/h2>\n\n\n\n<p class=\"wp-block-paragraph\">Durch Ihre Registrierung, Ihren Zugriff auf oder Ihre sonstige Nutzung dieser Website erkl\u00e4ren Sie sich mit den nachfolgenden Nutzungsbedingungen einverstanden. Die blo\u00dfe Nutzung dieser Website setzt die Kenntnis und Akzeptanz dieser Nutzungsbedingungen voraus. In bestimmten F\u00e4llen bitten wir Sie gegebenenfalls um Ihre ausdr\u00fcckliche Zustimmung.<\/p>\n\n\n\n<h2 class=\"wp-block-heading\"><strong>3. Geistiges Eigentum<\/strong><\/h2>\n\n\n\n<p class=\"wp-block-paragraph\">Wir oder unsere Lizenzgeber besitzen und kontrollieren s\u00e4mtliche Urheberrechte und sonstigen geistigen Eigentumsrechte an der Website sowie an den Daten, Informationen und anderen Ressourcen, die auf der Website angezeigt werden oder \u00fcber sie zug\u00e4nglich sind.<\/p>\n\n\n\n<p class=\"wp-block-paragraph\"><strong>3.1 Alle Rechte vorbehalten<\/strong><\/p>\n\n\n\n<p class=\"wp-block-paragraph\">Sofern im jeweiligen Inhalt nichts anderes angegeben ist, werden Ihnen keine Lizenzen oder sonstige Rechte aus Urheber-, Marken-, Patent- oder anderen Schutzrechten des geistigen Eigentums gew\u00e4hrt. Dies bedeutet, dass Sie ohne unsere vorherige schriftliche Genehmigung keine Ressourcen dieser Website in irgendeiner Form nutzen, kopieren, vervielf\u00e4ltigen, auff\u00fchren, anzeigen, verbreiten, in elektronische Medien einbetten, ver\u00e4ndern, zur\u00fcckentwickeln, dekompilieren, \u00fcbertragen, herunterladen, \u00fcbermitteln, monetarisieren, verkaufen, vermarkten oder kommerziell nutzen d\u00fcrfen, au\u00dfer und nur soweit dies in zwingenden gesetzlichen Bestimmungen (wie beispielsweise dem Zitatrecht) anders geregelt ist.<\/p>\n\n\n\n<h2 class=\"wp-block-heading\"><strong>4. Eigentum Dritter<\/strong><\/h2>\n\n\n\n<p class=\"wp-block-paragraph\">Unsere Website kann Hyperlinks oder andere Verweise auf Websites Dritter enthalten. Wir \u00fcberwachen oder \u00fcberpr\u00fcfen die Inhalte von Websites Dritter, auf die von dieser Website aus verlinkt wird, nicht. F\u00fcr Produkte oder Dienstleistungen, die von anderen Websites angeboten werden, gelten die jeweiligen Gesch\u00e4ftsbedingungen dieser Drittanbieter. Die auf diesen Websites ge\u00e4u\u00dferten Meinungen oder ver\u00f6ffentlichten Inhalte werden von uns nicht notwendigerweise geteilt oder bef\u00fcrwortet.<\/p>\n\n\n\n<p class=\"wp-block-paragraph\">Wir \u00fcbernehmen keine Verantwortung f\u00fcr die Datenschutzpraktiken oder Inhalte dieser Websites. Sie tragen alle Risiken, die mit der Nutzung dieser Websites und damit verbundener Dienste Dritter verbunden sind. Wir haften nicht f\u00fcr Verluste oder Sch\u00e4den jeglicher Art, die durch die Weitergabe Ihrer personenbezogenen Daten an Dritte entstehen.<\/p>\n\n\n\n<h2 class=\"wp-block-heading\"><strong>5. Verantwortungsvoller Umgang<\/strong><\/h2>\n\n\n\n<p class=\"wp-block-paragraph\">Durch den Besuch unserer Website erkl\u00e4ren Sie sich damit einverstanden, diese ausschlie\u00dflich f\u00fcr die vorgesehenen Zwecke und im Rahmen dieser Nutzungsbedingungen, etwaiger zus\u00e4tzlicher Vertr\u00e4ge mit uns sowie geltender Gesetze, Verordnungen und allgemein anerkannter Online-Praktiken und Branchenrichtlinien zu nutzen. Es ist Ihnen untersagt, unsere Website oder Dienste zu verwenden, zu ver\u00f6ffentlichen oder zu verbreiten, die aus Schadsoftware bestehen oder damit in Verbindung stehen; Daten, die von unserer Website erfasst werden, f\u00fcr Direktmarketingaktivit\u00e4ten zu verwenden oder systematische oder automatisierte Datenerfassungsaktivit\u00e4ten auf oder in Bezug auf unsere Website durchzuf\u00fchren.<\/p>\n\n\n\n<p class=\"wp-block-paragraph\">Jegliche Aktivit\u00e4t, die der Website Schaden zuf\u00fcgt oder zuf\u00fcgen k\u00f6nnte oder die die Leistungsf\u00e4higkeit, Verf\u00fcgbarkeit oder Zug\u00e4nglichkeit der Website beeintr\u00e4chtigt, ist strengstens untersagt.<\/p>\n\n\n\n<h2 class=\"wp-block-heading\"><strong>6. R\u00fcckerstattungsrichtlinie<\/strong><\/h2>\n\n\n\n<p class=\"wp-block-paragraph\">Wir m\u00f6chten, dass Sie sich bei der Buchung bei uns sicher f\u00fchlen. Nachfolgend finden Sie unsere R\u00fcckerstattungsbedingungen f\u00fcr verschiedene Dienstleistungen:<\/p>\n\n\n\n<p class=\"wp-block-paragraph\"><strong>6.1 Retreats und Touren<\/strong><\/p>\n\n\n\n<ul class=\"wp-block-list\">\n<li><strong>100% R\u00fcckerstattung bei Stornierung 6 Wochen oder mehr vor dem Starttermin.<\/strong> if canceled <strong>6 weeks or more<\/strong> before the start date.<\/li>\n\n\n\n<li class=\"translation-block\">70 % R\u00fcckerstattung bei Stornierung zwischen 6 Wochen und 1 Woche vor dem Starttermin.<\/li>\n\n\n\n<li class=\"translation-block\">30 % R\u00fcckerstattung bei Stornierung 1 Woche oder weniger vor dem Starttermin.<\/li>\n<\/ul>\n\n\n\n<p class=\"wp-block-paragraph\"><strong>6.2 Travel Planning Support<\/strong><\/p>\n\n\n\n<p class=\"wp-block-paragraph translation-block\">Aufgrund der Art dieser Dienstleistung, die unmittelbar nach der Buchung beginnt, sind f\u00fcr die Reiseplanungsunterst\u00fctzung keine R\u00fcckerstattungen m\u00f6glich.<\/p>\n\n\n\n<p class=\"wp-block-paragraph\"><strong>6.3 Reise Unterst\u00fctzung<\/strong><\/p>\n\n\n\n<ul class=\"wp-block-list\">\n<li class=\"translation-block\">100% R\u00fcckerstattung bei Stornierung 3 Wochen oder mehr vor dem Reisetermin.<\/li>\n\n\n\n<li class=\"translation-block\">70 % R\u00fcckerstattung bei Stornierung weniger als 3 Wochen vor Reiseantritt.<\/li>\n<\/ul>\n\n\n\n<p class=\"wp-block-paragraph\"><strong>6.4 Spirituelle F\u00fchrung und Heilbegleitung<\/strong><\/p>\n\n\n\n<p class=\"wp-block-paragraph translation-block\">Wir bieten flexible R\u00fcckerstattungsbedingungen f\u00fcr spirituelle Beratungsleistungen. Sie k\u00f6nnen jederzeit eine R\u00fcckerstattung beantragen, ohne Angabe von Gr\u00fcnden.<\/p>\n\n\n\n<p class=\"wp-block-paragraph\"><strong>Zus\u00e4tzliche Anmerkungen:<\/strong><\/p>\n\n\n\n<ul class=\"wp-block-list\">\n<li>Alle R\u00fcckerstattungsantr\u00e4ge m\u00fcssen schriftlich (per E-Mail oder Kontaktformular) eingereicht werden.<\/li>\n\n\n\n<li>R\u00fcckerstattungen werden innerhalb von 14 Werktagen \u00fcber die urspr\u00fcngliche Zahlungsmethode abgewickelt, sofern nichts anderes vereinbart wurde.<\/li>\n\n\n\n<li>S\u00e4mtliche Transaktions- oder Bearbeitungsgeb\u00fchren, die von Drittanbietern f\u00fcr Zahlungen erhoben werden, sind nicht erstattungsf\u00e4hig.<\/li>\n<\/ul>\n\n\n\n<h2 class=\"wp-block-heading\"><strong>7. Einreichung von Ideen<\/strong><\/h2>\n\n\n\n<p class=\"wp-block-paragraph\">Bitte \u00fcbermitteln Sie uns keine Ideen, Erfindungen, Werke oder sonstige Informationen, die Ihr geistiges Eigentum darstellen, ohne zuvor eine Vereinbarung \u00fcber das geistige Eigentum oder eine Geheimhaltungsvereinbarung mit uns geschlossen zu haben. Sollten Sie uns diese ohne eine solche schriftliche Vereinbarung \u00fcbermitteln, gew\u00e4hren Sie uns eine weltweite, unwiderrufliche, nicht-exklusive und geb\u00fchrenfreie Lizenz zur Nutzung, Vervielf\u00e4ltigung, Speicherung, Bearbeitung, Ver\u00f6ffentlichung, \u00dcbersetzung und Verbreitung Ihrer Inhalte in allen bestehenden und zuk\u00fcnftigen Medien.<\/p>\n\n\n\n<h2 class=\"wp-block-heading\"><strong>8. Beendigung der Nutzung<\/strong><\/h2>\n\n\n\n<p class=\"wp-block-paragraph\">Wir behalten uns das Recht vor, den Zugriff auf die Website oder die darauf angebotenen Dienste jederzeit nach eigenem Ermessen vor\u00fcbergehend oder dauerhaft zu \u00e4ndern oder einzustellen. Sie erkl\u00e4ren sich damit einverstanden, dass wir Ihnen oder Dritten gegen\u00fcber nicht f\u00fcr solche \u00c4nderungen, Sperrungen oder die Einstellung Ihres Zugriffs auf die Website oder deren Nutzung oder f\u00fcr von Ihnen auf der Website geteilte Inhalte haften. Sie haben keinen Anspruch auf Entsch\u00e4digung oder sonstige Zahlungen, selbst wenn bestimmte Funktionen, Einstellungen und\/oder von Ihnen beigetragene oder genutzte Inhalte dauerhaft verloren gehen. Es ist Ihnen untersagt, Zugriffsbeschr\u00e4nkungen auf unserer Website zu umgehen oder zu versuchen, diese zu umgehen.<\/p>\n\n\n\n<h2 class=\"wp-block-heading\"><strong>9. Gew\u00e4hrleistungen und Haftung<\/strong><\/h2>\n\n\n\n<p class=\"wp-block-paragraph\">Nichts in diesem Abschnitt schr\u00e4nkt gesetzlich vorgeschriebene Gew\u00e4hrleistungen ein oder schlie\u00dft sie aus, sofern deren Einschr\u00e4nkung oder Ausschluss rechtswidrig w\u00e4re. Diese Website und alle ihre Inhalte werden ohne M\u00e4ngelgew\u00e4hr und nach Verf\u00fcgbarkeit bereitgestellt und k\u00f6nnen Ungenauigkeiten oder Tippfehler enthalten. Wir schlie\u00dfen ausdr\u00fccklich jegliche Gew\u00e4hrleistung, ob ausdr\u00fccklich oder stillschweigend, hinsichtlich der Verf\u00fcgbarkeit, Genauigkeit oder Vollst\u00e4ndigkeit der Inhalte aus. Wir \u00fcbernehmen keine Gew\u00e4hr daf\u00fcr, dass:<\/p>\n\n\n\n<ul class=\"wp-block-list\">\n<li>Diese Website oder unsere Inhalte werden Ihren Anforderungen entsprechen;<\/li>\n\n\n\n<li>Diese Website wird ohne Unterbrechung, zeitnah, sicher oder fehlerfrei verf\u00fcgbar sein.<\/li>\n<\/ul>\n\n\n\n<p class=\"wp-block-paragraph translation-block\">Die Inhalte dieser Website stellen keine Rechts-, Finanz- oder medizinische Beratung jeglicher Art dar und sind auch nicht als solche gedacht. Die angebotenen spirituellen und meditativen Angebote, einschlie\u00dflich, aber nicht beschr\u00e4nkt auf Kurse mit Titeln wie \u201eHeile dich selbst\u201c oder \u00e4hnliche, dienen ausschlie\u00dflich der pers\u00f6nlichen Weiterentwicklung und dem spirituellen Wachstum. Sie stellen kein medizinisches oder therapeutisches Heilungsversprechen dar. Wenn Sie Beratung ben\u00f6tigen, sollten Sie sich an einen entsprechenden Fachmann wenden.<\/p>\n\n\n\n<p class=\"wp-block-paragraph\">Die nachfolgenden Bestimmungen dieses Abschnitts gelten im maximal zul\u00e4ssigen Umfang nach geltendem Recht und beschr\u00e4nken oder schlie\u00dfen unsere Haftung in keiner Weise aus, sofern eine Beschr\u00e4nkung oder ein Ausschluss unserer Haftung durch uns rechtswidrig w\u00e4re. Wir haften in keinem Fall f\u00fcr direkte oder indirekte Sch\u00e4den (einschlie\u00dflich Sch\u00e4den aus entgangenem Gewinn oder Umsatz, Verlust oder Besch\u00e4digung von Daten, Software oder Datenbanken oder Verlust oder Besch\u00e4digung von Eigentum oder Daten), die Ihnen oder Dritten durch den Zugriff auf oder die Nutzung unserer Website entstehen.<\/p>\n\n\n\n<p class=\"wp-block-paragraph\">Sofern in einem separaten Vertrag nicht ausdr\u00fccklich etwas anderes vereinbart ist, ist unsere maximale Haftung Ihnen gegen\u00fcber f\u00fcr alle Sch\u00e4den, die aus oder im Zusammenhang mit der Website oder den \u00fcber die Website vermarkteten oder verkauften Produkten und Dienstleistungen entstehen, unabh\u00e4ngig von der Art des Rechtsgrundes (ob Vertrag, Billigkeitsrecht, Fahrl\u00e4ssigkeit, Vorsatz, unerlaubte Handlung oder sonstiges), auf den Gesamtpreis beschr\u00e4nkt, den Sie f\u00fcr den Kauf dieser Produkte oder Dienstleistungen oder die Nutzung der Website an uns gezahlt haben. Diese Haftungsbeschr\u00e4nkung gilt insgesamt f\u00fcr alle Ihre Anspr\u00fcche, Klagen und Klagegr\u00fcnde jeglicher Art.<\/p>\n\n\n\n<h2 class=\"wp-block-heading\"><strong>10. Datenschutz<\/strong><\/h2>\n\n\n\n<p class=\"wp-block-paragraph\">Um auf unsere Website und\/oder unsere Dienste zugreifen zu k\u00f6nnen, m\u00fcssen Sie im Rahmen des Registrierungsprozesses m\u00f6glicherweise bestimmte Informationen \u00fcber sich selbst angeben. Sie erkl\u00e4ren sich damit einverstanden, dass alle von Ihnen angegebenen Informationen stets richtig, vollst\u00e4ndig und aktuell sind.<\/p>\n\n\n\n<p class=\"wp-block-paragraph translation-block\">Wir haben Richtlinien entwickelt, um Ihre Bedenken hinsichtlich des Datenschutzes auszur\u00e4umen. Weitere Informationen finden Sie in unserer <a href=\"https:\/\/freesoul-union.com\/wp-admin\/post.php?post=856&amp;action=edit\" target=\"_self\">Datenschutzerkl\u00e4rung<\/a> und unserer <a href=\"https:\/\/freesoul-union.com\/wp-admin\/post.php?post=856&amp;action=edit\" target=\"_self\">Cookie-Richtlinie<\/a>.<\/p>\n\n\n\n<h2 class=\"wp-block-heading\"><strong>11. Ausfuhrbeschr\u00e4nkungen \/ Einhaltung gesetzlicher Bestimmungen<\/strong><\/h2>\n\n\n\n<p class=\"wp-block-paragraph\">Der Zugriff auf die Website aus Gebieten oder L\u00e4ndern, in denen die Inhalte oder der Kauf der auf der Website angebotenen Produkte oder Dienstleistungen illegal sind, ist untersagt. Sie d\u00fcrfen diese Website nicht unter Versto\u00df gegen indische Exportgesetze und -bestimmungen nutzen.<\/p>\n\n\n\n<h2 class=\"wp-block-heading\"><strong>12. Aufgabe<\/strong><\/h2>\n\n\n\n<p class=\"wp-block-paragraph\">Sie d\u00fcrfen Ihre Rechte und\/oder Pflichten aus diesen Allgemeinen Gesch\u00e4ftsbedingungen weder ganz noch teilweise ohne unsere vorherige schriftliche Zustimmung an Dritte abtreten, \u00fcbertragen oder untervergeben. Jede versuchte Abtretung, die gegen diese Bestimmung verst\u00f6\u00dft, ist nichtig.<\/p>\n\n\n\n<h2 class=\"wp-block-heading\"><strong>13. Verst\u00f6\u00dfe gegen diese Allgemeinen Gesch\u00e4ftsbedingungen<\/strong><\/h2>\n\n\n\n<p class=\"wp-block-paragraph\">Unbeschadet unserer sonstigen Rechte gem\u00e4\u00df diesen Allgemeinen Gesch\u00e4ftsbedingungen k\u00f6nnen wir, wenn Sie in irgendeiner Weise gegen diese Allgemeinen Gesch\u00e4ftsbedingungen versto\u00dfen, Ma\u00dfnahmen ergreifen, die wir zur Behebung des Versto\u00dfes f\u00fcr angemessen halten, einschlie\u00dflich der vor\u00fcbergehenden oder dauerhaften Sperrung Ihres Zugangs zur Website, der Kontaktaufnahme mit Ihrem Internetdienstanbieter, um diesen aufzufordern, Ihren Zugang zur Website zu sperren, und\/oder der Einleitung rechtlicher Schritte gegen Sie.<\/p>\n\n\n\n<h2 class=\"wp-block-heading\"><strong>14. Entsch\u00e4digung<\/strong><\/h2>\n\n\n\n<p class=\"wp-block-paragraph\">Sie verpflichten sich, uns von allen Anspr\u00fcchen, Haftungen, Sch\u00e4den, Verlusten und Aufwendungen freizustellen, zu verteidigen und schadlos zu halten, die sich aus Ihrer Verletzung dieser Nutzungsbedingungen und geltender Gesetze, einschlie\u00dflich Rechten an geistigem Eigentum und Datenschutzrechten, ergeben. Sie werden uns unverz\u00fcglich alle Sch\u00e4den, Verluste, Kosten und Aufwendungen erstatten, die uns im Zusammenhang mit solchen Anspr\u00fcchen entstehen.<\/p>\n\n\n\n<h2 class=\"wp-block-heading\"><strong>15. Verzichtserkl\u00e4rung<\/strong><\/h2>\n\n\n\n<p class=\"wp-block-paragraph\">Die Nichtdurchsetzung einer der in diesen Allgemeinen Gesch\u00e4ftsbedingungen und einer Vereinbarung festgelegten Bestimmungen oder die Nichtaus\u00fcbung einer K\u00fcndigungsoption gilt nicht als Verzicht auf diese Bestimmungen und hat keinen Einfluss auf die G\u00fcltigkeit dieser Allgemeinen Gesch\u00e4ftsbedingungen oder einer Vereinbarung oder eines Teils davon oder auf das Recht, danach jede einzelne Bestimmung durchzusetzen.<\/p>\n\n\n\n<h2 class=\"wp-block-heading\"><strong>16. Sprache<\/strong><\/h2>\n\n\n\n<p class=\"wp-block-paragraph\">Diese Allgemeinen Gesch\u00e4ftsbedingungen unterliegen ausschlie\u00dflich der englischen Sprache und werden entsprechend ausgelegt. S\u00e4mtliche Mitteilungen und Korrespondenz erfolgen ausschlie\u00dflich in englischer Sprache.<\/p>\n\n\n\n<h2 class=\"wp-block-heading\"><strong>17. Vollst\u00e4ndige Vereinbarung<\/strong><\/h2>\n\n\n\n<p class=\"wp-block-paragraph translation-block\">Diese Allgemeinen Gesch\u00e4ftsbedingungen bilden zusammen mit unserer\u00a0<a href=\"https:\/\/freesoul-union.com\/wp-admin\/post.php?post=856&amp;action=edit\" target=\"_self\">Datenschutzerkl\u00e4rung<\/a> und unserer\u00a0<a href=\"https:\/\/freesoul-union.com\/wp-admin\/post.php?post=856&amp;action=edit\" target=\"_self\">Cookie-Richtlinie<\/a> die gesamte Vereinbarung zwischen Ihnen und FreeSoul Union in Bezug auf Ihre Nutzung dieser Website.<\/p>\n\n\n\n<h2 class=\"wp-block-heading\"><strong>18. Aktualisierung dieser Allgemeinen Gesch\u00e4ftsbedingungen<\/strong><\/h2>\n\n\n\n<p class=\"wp-block-paragraph\">Wir k\u00f6nnen diese Nutzungsbedingungen von Zeit zu Zeit aktualisieren. Sie sind verpflichtet, diese Nutzungsbedingungen regelm\u00e4\u00dfig auf \u00c4nderungen oder Aktualisierungen zu \u00fcberpr\u00fcfen. Das am Anfang dieser Nutzungsbedingungen angegebene Datum ist das Datum der letzten \u00dcberarbeitung. \u00c4nderungen dieser Nutzungsbedingungen treten mit ihrer Ver\u00f6ffentlichung auf dieser Website in Kraft. Ihre fortgesetzte Nutzung dieser Website nach der Ver\u00f6ffentlichung von \u00c4nderungen oder Aktualisierungen gilt als Ihre Zustimmung zu diesen Nutzungsbedingungen.<\/p>\n\n\n\n<h2 class=\"wp-block-heading\"><strong>19. Rechtswahl und Gerichtsstand<\/strong><\/h2>\n\n\n\n<p class=\"wp-block-paragraph\">Diese Allgemeinen Gesch\u00e4ftsbedingungen unterliegen dem indischen Recht. Gerichtsstand f\u00fcr alle Streitigkeiten im Zusammenhang mit diesen Allgemeinen Gesch\u00e4ftsbedingungen sind die Gerichte in Indien. Sollte eine Bestimmung dieser Allgemeinen Gesch\u00e4ftsbedingungen von einem Gericht oder einer anderen Beh\u00f6rde f\u00fcr ung\u00fcltig und\/oder nicht durchsetzbar erkl\u00e4rt werden, wird diese Bestimmung im maximal zul\u00e4ssigen Umfang so abge\u00e4ndert, gestrichen und\/oder durchgesetzt, dass die beabsichtigte Zielsetzung dieser Allgemeinen Gesch\u00e4ftsbedingungen erreicht wird. Die \u00fcbrigen Bestimmungen bleiben davon unber\u00fchrt.<\/p>\n\n\n\n<div class=\"wp-block-uagb-advanced-heading uagb-block-c938f78f\"><h2 class=\"uagb-heading-text\"><strong>20. Haftungsausschluss f\u00fcr Gesundheit und Medizin<\/strong><\/h2><\/div>\n\n\n\n<p class=\"wp-block-paragraph\"><\/p>\n\n\n\n<p class=\"wp-block-paragraph translation-block\">22.1 Keine medizinische Beratung: Die Produkte und Dienstleistungen, einschlie\u00dflich meditativer Reisen und spiritueller Begleitung, sind kein Ersatz f\u00fcr professionelle medizinische Beratung, Diagnose oder Behandlung.<\/p>\n\n\n\n<p class=\"wp-block-paragraph translation-block\">22.2 Verantwortung des Teilnehmers: Mit der Nutzung unserer Dienste best\u00e4tigen Sie, dass Sie sich in einem k\u00f6rperlichen und geistigen Zustand befinden, der die Teilnahme an Meditation und spirituellen \u00dcbungen erm\u00f6glicht. Sollten Sie in der Vergangenheit an einer psychischen Erkrankung gelitten haben oder sich in \u00e4rztlicher Behandlung befinden, m\u00fcssen Sie vor Kursbeginn Ihren Arzt konsultieren.<\/p>\n\n\n\n<p class=\"wp-block-paragraph translation-block\">22.3 Keine Erfolgsgarantie: Unsere Methoden sind zwar darauf ausgelegt, das Wohlbefinden zu f\u00f6rdern, wir geben jedoch keine Garantie f\u00fcr spezifische gesundheitliche Verbesserungen oder Heilungserfolge. Der Begriff \u201eHeilung\u201c wird hier im spirituellen, nicht-medizinischen Kontext verwendet.<\/p>\n\n\n\n<h2 class=\"wp-block-heading\"><strong>21. Kontaktinformationen<\/strong><\/h2>\n\n\n\n<p class=\"wp-block-paragraph\">Diese Website ist Eigentum der FreeSoul Union und wird von ihr betrieben.<\/p>\n\n\n\n<p class=\"wp-block-paragraph translation-block\">Sie k\u00f6nnen uns bez\u00fcglich dieser Allgemeinen Gesch\u00e4ftsbedingungen \u00fcber unsere\u00a0<a href=\"https:\/\/freesoul-union.com\/de\/contact\/\" target=\"_self\">Kontakt<\/a>-Seite kontaktieren.<\/p>\n\n\n\n<h2 class=\"wp-block-heading\"><strong>22. Download<\/strong><\/h2>\n\n\n\n<p class=\"wp-block-paragraph translation-block\">Sie k\u00f6nnen unsere Allgemeinen Gesch\u00e4ftsbedingungen auch als PDF herunterladen: \u00a0<a href=\"https:\/\/freesoul-union.com\/wp-content\/uploads\/2026\/01\/terms-and-conditions.pdf\" target=\"_self\">download<\/a>\u00a0<\/p>\n\n\n\n<p class=\"wp-block-paragraph\"><\/p>","protected":false},"excerpt":{"rendered":"<p>The Terms and Conditions were last updated on January 3rd, 2026 1. Introduction These Terms and conditions apply to this [&hellip;]<\/p>\n","protected":false},"author":1,"featured_media":0,"parent":0,"menu_order":0,"comment_status":"closed","ping_status":"closed","template":"","meta":{"_crdt_document":"","_uag_custom_page_level_css":"","site-sidebar-layout":"default","site-content-layout":"","ast-site-content-layout":"","site-content-style":"default","site-sidebar-style":"default","ast-global-header-display":"","ast-banner-title-visibility":"","ast-main-header-display":"","ast-hfb-above-header-display":"","ast-hfb-below-header-display":"","ast-hfb-mobile-header-display":"","site-post-title":"","ast-breadcrumbs-content":"","ast-featured-img":"","footer-sml-layout":"","ast-disable-related-posts":"","theme-transparent-header-meta":"","adv-header-id-meta":"","stick-header-meta":"","header-above-stick-meta":"","header-main-stick-meta":"","header-below-stick-meta":"","astra-migrate-meta-layouts":"default","ast-page-background-enabled":"default","ast-page-background-meta":{"desktop":{"background-color":"var(--ast-global-color-4)","background-image":"","background-repeat":"repeat","background-position":"center center","background-size":"auto","background-attachment":"scroll","background-type":"","background-media":"","overlay-type":"","overlay-color":"","overlay-opacity":"","overlay-gradient":""},"tablet":{"background-color":"","background-image":"","background-repeat":"repeat","background-position":"center center","background-size":"auto","background-attachment":"scroll","background-type":"","background-media":"","overlay-type":"","overlay-color":"","overlay-opacity":"","overlay-gradient":""},"mobile":{"background-color":"","background-image":"","background-repeat":"repeat","background-position":"center center","background-size":"auto","background-attachment":"scroll","background-type":"","background-media":"","overlay-type":"","overlay-color":"","overlay-opacity":"","overlay-gradient":""}},"ast-content-background-meta":{"desktop":{"background-color":"var(--ast-global-color-5)","background-image":"","background-repeat":"repeat","background-position":"center center","background-size":"auto","background-attachment":"scroll","background-type":"","background-media":"","overlay-type":"","overlay-color":"","overlay-opacity":"","overlay-gradient":""},"tablet":{"background-color":"var(--ast-global-color-5)","background-image":"","background-repeat":"repeat","background-position":"center center","background-size":"auto","background-attachment":"scroll","background-type":"","background-media":"","overlay-type":"","overlay-color":"","overlay-opacity":"","overlay-gradient":""},"mobile":{"background-color":"var(--ast-global-color-5)","background-image":"","background-repeat":"repeat","background-position":"center center","background-size":"auto","background-attachment":"scroll","background-type":"","background-media":"","overlay-type":"","overlay-color":"","overlay-opacity":"","overlay-gradient":""}},"iawp_total_views":9,"footnotes":""},"class_list":["post-856","page","type-page","status-publish","hentry"],"uagb_featured_image_src":{"full":false,"thumbnail":false,"medium":false,"medium_large":false,"large":false,"1536x1536":false,"2048x2048":false,"trp-custom-language-flag":false},"uagb_author_info":{"display_name":"Rama","author_link":"https:\/\/freesoul-union.com\/de\/author\/rama\/"},"uagb_comment_info":0,"uagb_excerpt":"The Terms and Conditions were last updated on January 3rd, 2026 1. Introduction These Terms and conditions apply to this [&hellip;]","_links":{"self":[{"href":"https:\/\/freesoul-union.com\/de\/wp-json\/wp\/v2\/pages\/856","targetHints":{"allow":["GET"]}}],"collection":[{"href":"https:\/\/freesoul-union.com\/de\/wp-json\/wp\/v2\/pages"}],"about":[{"href":"https:\/\/freesoul-union.com\/de\/wp-json\/wp\/v2\/types\/page"}],"author":[{"embeddable":true,"href":"https:\/\/freesoul-union.com\/de\/wp-json\/wp\/v2\/users\/1"}],"replies":[{"embeddable":true,"href":"https:\/\/freesoul-union.com\/de\/wp-json\/wp\/v2\/comments?post=856"}],"version-history":[{"count":9,"href":"https:\/\/freesoul-union.com\/de\/wp-json\/wp\/v2\/pages\/856\/revisions"}],"predecessor-version":[{"id":1488,"href":"https:\/\/freesoul-union.com\/de\/wp-json\/wp\/v2\/pages\/856\/revisions\/1488"}],"wp:attachment":[{"href":"https:\/\/freesoul-union.com\/de\/wp-json\/wp\/v2\/media?parent=856"}],"curies":[{"name":"wp","href":"https:\/\/api.w.org\/{rel}","templated":true}]}}