{"id":819,"date":"2025-05-31T07:19:04","date_gmt":"2025-05-31T07:19:04","guid":{"rendered":"https:\/\/freesoul-union.com\/?page_id=819"},"modified":"2025-11-26T04:08:53","modified_gmt":"2025-11-26T04:08:53","slug":"projects","status":"publish","type":"page","link":"https:\/\/freesoul-union.com\/de\/projects\/","title":{"rendered":"Projekte &amp; B\u00fccher"},"content":{"rendered":"<div class=\"wp-block-uagb-container uagb-block-a6be1363 alignfull uagb-is-root-container\"><div class=\"uagb-container__shape uagb-container__shape-bottom uagb-container__shape-flip uagb-container__invert\" data-negative=\"false\"><svg xmlns=\"https:\/\/www.w3.org\/2000\/svg\" viewbox=\"0 0 1000 100\" preserveaspectratio=\"none\"><path class=\"uagb-container__shape-fill\" d=\"M1000,4.3V0H0v4.3C0.9,23.1,126.7,99.2,500,100S1000,22.7,1000,4.3z\"><\/path><\/svg><\/div><div class=\"uagb-container-inner-blocks-wrap\">\n<div class=\"wp-block-uagb-advanced-heading uagb-block-81d18f4d\"><p class=\"uagb-desc-text\">Entdecke<\/p><h1 class=\"uagb-heading-text\">Werde Teil einer Vision von einer heileren Welt<\/h1><\/div>\n<\/div><\/div>\n\n\n\n<div class=\"wp-block-uagb-container uagb-block-a4f0f979 alignfull uagb-is-root-container\"><div class=\"uagb-container__shape uagb-container__shape-bottom uagb-container__invert\" data-negative=\"false\"><svg xmlns=\"https:\/\/www.w3.org\/2000\/svg\" viewbox=\"0 0 1000 100\" preserveaspectratio=\"none\"><path class=\"uagb-container__shape-fill\" d=\"M1000,4.3V0H0v4.3C0.9,23.1,126.7,99.2,500,100S1000,22.7,1000,4.3z\"><\/path><\/svg><\/div><div class=\"uagb-container-inner-blocks-wrap\">\n<div style=\"height:60px\" aria-hidden=\"true\" class=\"wp-block-spacer\"><\/div>\n\n\n\n<div class=\"wp-block-uagb-advanced-heading uagb-block-67353957\"><h2 class=\"uagb-heading-text\">1. Aktuelles Buch: Das Mandala der Zeit<\/h2><\/div>\n\n\n\n<p class=\"wp-block-paragraph\">Von Wolfram Ascheid<\/p>\n\n\n\n<p class=\"has-medium-font-size wp-block-paragraph\">Wenn Du ein wahrhaft spirituelles Wesen bist, ist dieses Buch genau das Richtige f\u00fcr Dich. Es ist eine Reflexion \u00fcber die Beschaffenheit der Realit\u00e4t und der Chakren des K\u00f6rpers. Au\u00dferdem enth\u00e4lt es essentielles Wissen dar\u00fcber, wie man den Weg der Liebe und Heilung beschreitet oder auf ihm bleibt.<\/p>\n\n\n\n<p class=\"has-medium-font-size wp-block-paragraph\">\"So bedeutungslos das Leben an uns vorbei zu\nflie\u00dfen scheint, so erf\u00fcllt unser erleuchteter\nBlick es jedoch mit Liebe. Komm mit auf eine Reise durch die Zeit. Dieses Mandala beleuchtet in der reflektierten Selbstbetrachtung die Struktur des Lebens, und l\u00e4sst Dich in der Gegenwart Deines Seins zur\u00fcck. Wer wir eigentlich sind und wie wir eigentlich leben wollen, - das sind zwei Fragen, die sich uns besonders in der heutigen Zeit aufdr\u00e4ngen. Die Antworten darauf k\u00f6nnen wir nur in uns selbst entdecken.\"<\/p>\n\n\n\n<div class=\"wp-block-columns is-layout-flex wp-container-core-columns-is-layout-7387b849 wp-block-columns-is-layout-flex\">\n<div class=\"wp-block-column is-layout-flow wp-block-column-is-layout-flow\" style=\"flex-basis:100%\">\n<div class=\"wp-block-group is-nowrap is-layout-flex wp-container-core-group-is-layout-7387b849 wp-block-group-is-layout-flex\">\n<figure class=\"wp-block-image size-medium is-style-default\"><img decoding=\"async\" width=\"211\" height=\"300\" src=\"https:\/\/freesoul-union.com\/wp-content\/uploads\/2025\/11\/mot-cover-211x300.png\" alt=\"\" class=\"wp-image-1353\" srcset=\"https:\/\/freesoul-union.com\/wp-content\/uploads\/2025\/11\/mot-cover-211x300.png 211w, https:\/\/freesoul-union.com\/wp-content\/uploads\/2025\/11\/mot-cover-720x1024.png 720w, https:\/\/freesoul-union.com\/wp-content\/uploads\/2025\/11\/mot-cover-768x1092.png 768w, https:\/\/freesoul-union.com\/wp-content\/uploads\/2025\/11\/mot-cover-8x12.png 8w, https:\/\/freesoul-union.com\/wp-content\/uploads\/2025\/11\/mot-cover.png 973w\" sizes=\"(max-width: 211px) 100vw, 211px\" \/><\/figure>\n\n\n\n<figure class=\"wp-block-image size-medium\"><img decoding=\"async\" width=\"214\" height=\"300\" src=\"https:\/\/freesoul-union.com\/wp-content\/uploads\/2025\/11\/Screenshot-2025-11-16-123435-214x300.png\" alt=\"\" class=\"wp-image-1354\" srcset=\"https:\/\/freesoul-union.com\/wp-content\/uploads\/2025\/11\/Screenshot-2025-11-16-123435-214x300.png 214w, https:\/\/freesoul-union.com\/wp-content\/uploads\/2025\/11\/Screenshot-2025-11-16-123435-731x1024.png 731w, https:\/\/freesoul-union.com\/wp-content\/uploads\/2025\/11\/Screenshot-2025-11-16-123435-768x1075.png 768w, https:\/\/freesoul-union.com\/wp-content\/uploads\/2025\/11\/Screenshot-2025-11-16-123435-9x12.png 9w, https:\/\/freesoul-union.com\/wp-content\/uploads\/2025\/11\/Screenshot-2025-11-16-123435.png 1017w\" sizes=\"(max-width: 214px) 100vw, 214px\" \/><\/figure>\n<\/div>\n<\/div>\n<\/div>\n\n\n\n<h2 class=\"wp-block-heading has-text-align-center\" style=\"margin-top:var(--wp--preset--spacing--80);margin-right:0;margin-bottom:var(--wp--preset--spacing--80);margin-left:0\"><strong>Erh\u00e4ltlich als Print- oder E-Book gegen eine Spende!<\/strong><\/h2>\n<\/div><\/div>\n\n\n\n<div class=\"wp-block-uagb-container uagb-block-bfc2b256 alignfull uagb-is-root-container\"><div class=\"uagb-container__shape uagb-container__shape-bottom uagb-container__invert\" data-negative=\"false\"><svg xmlns=\"https:\/\/www.w3.org\/2000\/svg\" viewbox=\"0 0 1000 100\" preserveaspectratio=\"none\"><path class=\"uagb-container__shape-fill\" d=\"M1000,4.3V0H0v4.3C0.9,23.1,126.7,99.2,500,100S1000,22.7,1000,4.3z\"><\/path><\/svg><\/div><div class=\"uagb-container-inner-blocks-wrap\">\n<div style=\"height:60px\" aria-hidden=\"true\" class=\"wp-block-spacer\"><\/div>\n\n\n\n<div class=\"wp-block-uagb-advanced-heading uagb-block-9cf62bc3\"><h2 class=\"uagb-heading-text\">2. Interaktive Energie-Weltkarte<\/h2><\/div>\n\n\n\n<p class=\"wp-block-paragraph\">Von Wolfram Ascheid<\/p>\n\n\n\n<p class=\"has-medium-font-size wp-block-paragraph\">Irgendwann im Leben hat wohl jeder schon einmal einen pl\u00f6tzlichen Energieschub oder -abfall gesp\u00fcrt, einfach nur beim Betreten eines bestimmten Ortes. Vielleicht war es ein Baum, ein Tempel oder ein belebter Markt \u2013 Orte mit einer besonderen Energie, die das eigene System entweder aufladen oder ersch\u00f6pfen k\u00f6nnen. Mit unserer interaktiven Web-App erm\u00f6glichen wir es Nutzerinnen und Nutzern, solche Orte zu markieren \u2013 Orte, an denen sie energetisch etwas Besonderes gesp\u00fcrt haben. Wenn sich diese Markierungen \u00fcber eine Stadt wie Rishikesh verteilen, k\u00f6nnen ankommende Besucher ganz leicht Pl\u00e4tze entdecken, die wohltuend sind \u2013 oder solche, die man besser meidet. Besonders f\u00fcr feinf\u00fchlige Menschen ist das eine wertvolle Hilfe, um sich besser zurechtzufinden und die besten Energiepl\u00e4tze zu genie\u00dfen. Das Ganze kann nicht nur unterhaltsam sein, sondern auch ein Training darin, feine energetische Ver\u00e4nderungen besser wahrzunehmen. Manche Orte in der Natur \u2013 besonders in der N\u00e4he von flie\u00dfendem Wasser oder alten B\u00e4umen \u2013 tragen eine sp\u00fcrbar hohe Energie. Ich erinnere mich an einen Tempel in Varanasi, in dem ich sofort ein Gef\u00fchl von Gl\u00fcckseligkeit und tiefer innerer Ruhe versp\u00fcrte \u2013 wie in einer tiefen Meditation. <\/p>\n\n\n\n<p class=\"has-medium-font-size wp-block-paragraph\">Solche Eindr\u00fccke werden in gew\u00f6hnlichen Rezensionen auf Karten-Apps kaum erfasst, da viele Menschen nicht so sensibel daf\u00fcr sind und sich eher auf \u00e4u\u00dfere Reize oder touristische Attraktionen konzentrieren. Wenn du neugierig bist und dabei helfen m\u00f6chtest, die Karte mit deinen eigenen Erfahrungen zu bereichern: Sie wird hier bald ver\u00f6ffentlicht.<\/p>\n\n\n\n<div style=\"height:60px\" aria-hidden=\"true\" class=\"wp-block-spacer\"><\/div>\n<\/div><\/div>\n\n\n\n<div class=\"wp-block-uagb-container uagb-block-46d26a9c alignfull uagb-is-root-container\"><div class=\"uagb-container-inner-blocks-wrap\">\n<div style=\"height:60px\" aria-hidden=\"true\" class=\"wp-block-spacer\"><\/div>\n\n\n\n<div class=\"wp-block-uagb-advanced-heading uagb-block-2ccffea8\"><h2 class=\"uagb-heading-text\">3. Retreat Center - Ein Zuhause f\u00fcr Spirituelle<\/h2><\/div>\n\n\n\n<p class=\"wp-block-paragraph\">Von Wolfram Ascheid<\/p>\n\n\n\n<p class=\"has-medium-font-size wp-block-paragraph\">Wir stehen noch ganz am Anfang, aber wir sind vollkommen entschlossen, unseren magischen Platz in der Natur Indiens zu finden. Einen Ort der Befreiung, weit entfernt vom Griff des Wahnsinns der Welt und ihrer Maschinerie. Unsere Idee ist es, ein Retreat-Zentrum zu bauen \u2013 mit m\u00f6glichst nat\u00fcrlichen und effizienten Materialien wie Lehm. Wir suchen nach Investoren, die das Zentrum vielleicht auch selbst f\u00fcr ihren Urlaub oder eigene Retreats nutzen m\u00f6chten. Sobald wir ein Grundst\u00fcck haben, dachten wir, k\u00f6nnten Investoren in ein Cottage investieren, das wir bauen und das im Grunde f\u00fcr ihre Nutzung frei w\u00e4re, wenn gerade kein Retreat stattfindet. Nat\u00fcrlich suchen wir auch Unterst\u00fctzung w\u00e4hrend des gesamten Prozesses.<\/p>\n\n\n\n<p class=\"has-medium-font-size wp-block-paragraph\">Kontaktiere uns gerne, wenn Dich das anspricht. Wir w\u00fcrden uns sehr freuen, Dich mit an Bord zu haben und gemeinsam zu wachsen.<\/p>\n\n\n\n<div style=\"height:60px\" aria-hidden=\"true\" class=\"wp-block-spacer\"><\/div>\n<\/div><\/div>\n\n\n\n<div class=\"wp-block-uagb-container uagb-block-27e5ce77 alignfull uagb-is-root-container\"><div class=\"uagb-container__shape uagb-container__shape-top uagb-container__shape-above-content\"><svg xmlns=\"https:\/\/www.w3.org\/2000\/svg\" viewbox=\"0 0 937.5 120\" preserveaspectratio=\"none\"><path class=\"uagb-container__shape-fill\" d=\"M937,129.8V-0.1H0v129.9C0,62.6,209.6,8.2,468.4,8.2S936.9,62.6,937,129.8z\"><\/path><\/svg><\/div><div class=\"uagb-container-inner-blocks-wrap\">\n<div class=\"wp-block-uagb-advanced-heading uagb-block-cd29cd10\"><h2 class=\"uagb-heading-text\">4. \u00d6konomisches Gleichgewicht f\u00fcr die Welt<\/h2><\/div>\n\n\n\n<p class=\"wp-block-paragraph\">Von Wolfram Ascheid<\/p>\n\n\n\n<p class=\"has-medium-font-size wp-block-paragraph\">Jeder Vision\u00e4r muss mutig sein und \u00fcber den aktuellen Zustand der Dinge hinausblicken. Ganz gleich, wie festgefahren etwas scheint \u2013 es gibt immer einen Ausweg, und der erste Schritt ist immer, die eigene Vorstellungskraft freizusetzen und der Vision im Herzen zu folgen. Schauen wir auf unsere heutige Welt: Sie ist zutiefst gepr\u00e4gt vom Konzept der Schuld, der Spaltung und des Wettbewerbs. Die \u00c4rmsten und Reichsten unter uns sind unvorstellbar weit voneinander entfernt. Was f\u00fcr die einen ein nackter \u00dcberlebenskampf ist, bedeutet f\u00fcr andere dekadente Verschwendung und Umweltzerst\u00f6rung \u2013 nur zu ihrem eigenen Vergn\u00fcgen. Sobald Geld verf\u00fcgbar ist, entflammen sich pers\u00f6nliche Begierden leicht, und sie zerst\u00f6ren das Gleichgewicht und die Ausrichtung der Welt. Vergn\u00fcgen kann niemals unsere Seele erf\u00fcllen, und deshalb verlangen von Begierde getriebene Menschen nach immer mehr und mehr.<\/p>\n\n\n\n<p class=\"has-medium-font-size wp-block-paragraph\">Die L\u00e4nder dieser Welt konkurrieren gegeneinander, angetrieben von verschiedenen Ideologien. Dabei wird v\u00f6llig \u00fcbersehen, was wirklich z\u00e4hlt: Menschlichkeit, F\u00fcrsorge f\u00fcreinander und f\u00fcr die Natur sowie eine Entwicklung, die im Einklang mit der Natur geschieht. Anstatt den Traum zu tr\u00e4umen, die Welt als einen gro\u00dfen lebendigen Organismus zu verstehen, k\u00e4mpfen die Menschen wie Krebszellen um ihre \u00dcberlegenheit und Ideologien.<\/p>\n\n\n\n<p class=\"has-medium-font-size wp-block-paragraph\">Unsere L\u00f6sung zielt darauf ab, westliche und \u00f6stliche Weltanschauungen zu vereinen und das Beste aus beiden umzusetzen. Was der Welt derzeit fehlt: ein Gegengewicht zur scheinbar allm\u00e4chtigen Kraft des Geldes. Unser erster Ansatz sieht vor, dass Unternehmen ein soziales und \u00f6kologisches Ranking erhalten, das bestimmt, wie viele Steuern sie zahlen m\u00fcssen. Nat\u00fcrlich m\u00fcsste das m\u00f6glichst weltweit umgesetzt werden, damit nicht alle in dieselbe Richtung fl\u00fcchten. Au\u00dferdem muss der Finanzmarkt strenger reguliert werden, um die absurden Geldsummen einzud\u00e4mmen, die keinen echten Wert haben. Sicherlich ist es ein langer Weg hin zu einer ausgewogeneren Welt, aber wir sind uns auch in einem Punkt sicher: Der aktuelle Bewusstseinszustand muss sich ver\u00e4ndern. Mit der Kraft des Bewusstseins und den heutigen M\u00f6glichkeiten sind unvorstellbare Dinge m\u00f6glich. Wir selbst und unsere eigene Perspektive sind der Anfang des Wandels. Wenn die meisten Menschen in der Lage sind, ihre Energie und ihren Erfahrungsschwerpunkt aus den unteren Chakren des K\u00f6rpers ins Herz zu heben, geht es nicht mehr haupts\u00e4chlich ums \u00dcberleben, Schuld oder Vergn\u00fcgen.<\/p>\n\n\n\n<p class=\"has-medium-font-size wp-block-paragraph\">Wenn Du Lust hast, mitzuwirken und gemeinsam mit uns unsere Vision Wirklichkeit werden zu lassen, laden wir Dich herzlich ein, Kontakt mit uns aufzunehmen.<\/p>\n<\/div><\/div>\n\n\n\n<div class=\"wp-block-uagb-container uagb-block-6f82293b alignfull uagb-is-root-container\"><div class=\"uagb-container-inner-blocks-wrap\">\n<div class=\"wp-block-uagb-info-box uagb-block-2de13869 uagb-infobox__content-wrap  uagb-infobox-icon-above-title uagb-infobox-image-valign-top wp-block-uagb-info-box--has-margin\"><div class=\"uagb-infobox-margin-wrapper\"><div class=\"uagb-ifb-content\"><div class=\"uagb-ifb-title-wrap\"><span class=\"uagb-ifb-title-prefix\">Kontaktiere uns<\/span><h2 class=\"uagb-ifb-title\">Beginne noch heute deine spirituelle Reise mit FreeSoul Union!<\/h2><\/div><p class=\"uagb-ifb-desc\">Verbinde Dich mit Deinem inneren Selbst und erforsche die Tiefen der Spiritualit\u00e4t durch unsere einzigartigen Angebote.<\/p><div class=\"uagb-ifb-button-wrapper wp-block-button\"><a href=\"\/de\/contact\/\" class=\"uagb-infobox-cta-link wp-block-button__link\" target=\"_self\" rel=\"noopener noreferrer\" onclick=\"return true;\"><span class=\"uagb-inline-editing\">Ich will eine kostenlose Beratung<\/span><\/a><\/div><\/div><\/div><\/div>\n<\/div><\/div>","protected":false},"excerpt":{"rendered":"<p>Explore Become part of a vision for a better world 1. Current Book: The Mandala of Time by Wolfram Ascheid [&hellip;]<\/p>\n","protected":false},"author":1,"featured_media":0,"parent":0,"menu_order":0,"comment_status":"closed","ping_status":"closed","template":"","meta":{"_crdt_document":"","_uag_custom_page_level_css":"","site-sidebar-layout":"default","site-content-layout":"","ast-site-content-layout":"","site-content-style":"default","site-sidebar-style":"default","ast-global-header-display":"","ast-banner-title-visibility":"","ast-main-header-display":"","ast-hfb-above-header-display":"","ast-hfb-below-header-display":"","ast-hfb-mobile-header-display":"","site-post-title":"disabled","ast-breadcrumbs-content":"","ast-featured-img":"","footer-sml-layout":"","ast-disable-related-posts":"","theme-transparent-header-meta":"","adv-header-id-meta":"","stick-header-meta":"","header-above-stick-meta":"","header-main-stick-meta":"","header-below-stick-meta":"","astra-migrate-meta-layouts":"default","ast-page-background-enabled":"default","ast-page-background-meta":{"desktop":{"background-color":"var(--ast-global-color-4)","background-image":"","background-repeat":"repeat","background-position":"center center","background-size":"auto","background-attachment":"scroll","background-type":"","background-media":"","overlay-type":"","overlay-color":"","overlay-opacity":"","overlay-gradient":""},"tablet":{"background-color":"","background-image":"","background-repeat":"repeat","background-position":"center center","background-size":"auto","background-attachment":"scroll","background-type":"","background-media":"","overlay-type":"","overlay-color":"","overlay-opacity":"","overlay-gradient":""},"mobile":{"background-color":"","background-image":"","background-repeat":"repeat","background-position":"center center","background-size":"auto","background-attachment":"scroll","background-type":"","background-media":"","overlay-type":"","overlay-color":"","overlay-opacity":"","overlay-gradient":""}},"ast-content-background-meta":{"desktop":{"background-color":"var(--ast-global-color-5)","background-image":"","background-repeat":"repeat","background-position":"center center","background-size":"auto","background-attachment":"scroll","background-type":"","background-media":"","overlay-type":"","overlay-color":"","overlay-opacity":"","overlay-gradient":""},"tablet":{"background-color":"var(--ast-global-color-5)","background-image":"","background-repeat":"repeat","background-position":"center center","background-size":"auto","background-attachment":"scroll","background-type":"","background-media":"","overlay-type":"","overlay-color":"","overlay-opacity":"","overlay-gradient":""},"mobile":{"background-color":"var(--ast-global-color-5)","background-image":"","background-repeat":"repeat","background-position":"center center","background-size":"auto","background-attachment":"scroll","background-type":"","background-media":"","overlay-type":"","overlay-color":"","overlay-opacity":"","overlay-gradient":""}},"iawp_total_views":35,"footnotes":""},"class_list":["post-819","page","type-page","status-publish","hentry"],"uagb_featured_image_src":{"full":false,"thumbnail":false,"medium":false,"medium_large":false,"large":false,"1536x1536":false,"2048x2048":false,"trp-custom-language-flag":false},"uagb_author_info":{"display_name":"Rama","author_link":"https:\/\/freesoul-union.com\/de\/author\/rama\/"},"uagb_comment_info":0,"uagb_excerpt":"Explore Become part of a vision for a better world 1. Current Book: The Mandala of Time by Wolfram Ascheid [&hellip;]","_links":{"self":[{"href":"https:\/\/freesoul-union.com\/de\/wp-json\/wp\/v2\/pages\/819","targetHints":{"allow":["GET"]}}],"collection":[{"href":"https:\/\/freesoul-union.com\/de\/wp-json\/wp\/v2\/pages"}],"about":[{"href":"https:\/\/freesoul-union.com\/de\/wp-json\/wp\/v2\/types\/page"}],"author":[{"embeddable":true,"href":"https:\/\/freesoul-union.com\/de\/wp-json\/wp\/v2\/users\/1"}],"replies":[{"embeddable":true,"href":"https:\/\/freesoul-union.com\/de\/wp-json\/wp\/v2\/comments?post=819"}],"version-history":[{"count":26,"href":"https:\/\/freesoul-union.com\/de\/wp-json\/wp\/v2\/pages\/819\/revisions"}],"predecessor-version":[{"id":1416,"href":"https:\/\/freesoul-union.com\/de\/wp-json\/wp\/v2\/pages\/819\/revisions\/1416"}],"wp:attachment":[{"href":"https:\/\/freesoul-union.com\/de\/wp-json\/wp\/v2\/media?parent=819"}],"curies":[{"name":"wp","href":"https:\/\/api.w.org\/{rel}","templated":true}]}}